{"id":12049,"date":"2025-10-13T15:36:22","date_gmt":"2025-10-13T15:36:22","guid":{"rendered":"https:\/\/buenaventura.com\/?page_id=12049"},"modified":"2025-11-21T15:26:01","modified_gmt":"2025-11-21T15:26:01","slug":"gob-corporativa","status":"publish","type":"page","link":"https:\/\/buenaventura.com\/en\/gob-corporativa\/","title":{"rendered":"Corporate Governance"},"content":{"rendered":"<div data-elementor-type=\"wp-post\" data-elementor-id=\"12049\" class=\"elementor elementor-12049\" data-elementor-post-type=\"page\">\n\t\t\t\t<div class=\"has_ae_slider elementor-element elementor-element-04c58e9 e-con-full elementor-hidden-mobile e-flex ae-bg-gallery-type-default e-con e-parent\" data-id=\"04c58e9\" data-element_type=\"container\">\n\t\t<div class=\"has_ae_slider elementor-element elementor-element-35eda88 e-con-full e-flex ae-bg-gallery-type-default e-con e-child\" data-id=\"35eda88\" data-element_type=\"container\">\n\t\t<div class=\"has_ae_slider elementor-element elementor-element-9d8a255 e-con-full e-flex ae-bg-gallery-type-default e-con e-child\" data-id=\"9d8a255\" data-element_type=\"container\">\n\t\t\t\t<div class=\"elementor-element elementor-element-c8c0a6c elementor-widget__width-auto elementor-widget elementor-widget-text-editor\" data-id=\"c8c0a6c\" data-element_type=\"widget\" data-widget_type=\"text-editor.default\">\n\t\t\t\t<div class=\"elementor-widget-container\">\n\t\t\t\t\t\t\t<p><a style=\"color: #484848;\" href=\"\/en\/\">Home <\/a> \/ <a style=\"color: #484848;\" href=\"\/en\/inversionista\/\">Investor Relations <\/a>\/\u00a0<\/p>\t\t\t\t\t\t<\/div>\n\t\t\t\t<\/div>\n\t\t\t\t<div class=\"elementor-element elementor-element-3ab09ad elementor-widget__width-auto elementor-widget elementor-widget-text-editor\" data-id=\"3ab09ad\" data-element_type=\"widget\" data-widget_type=\"text-editor.default\">\n\t\t\t\t<div class=\"elementor-widget-container\">\n\t\t\t\t\t\t\tCorporate Governance\t\t\t\t\t\t<\/div>\n\t\t\t\t<\/div>\n\t\t\t\t<\/div>\n\t\t<div class=\"has_ae_slider elementor-element elementor-element-a22790a e-con-full e-flex ae-bg-gallery-type-default e-con e-child\" data-id=\"a22790a\" data-element_type=\"container\">\n\t\t\t\t<\/div>\n\t\t\t\t<\/div>\n\t\t\t\t<\/div>\n\t\t<div class=\"has_ae_slider elementor-element elementor-element-026fc48 e-con-full e-flex ae-bg-gallery-type-default e-con e-parent\" data-id=\"026fc48\" data-element_type=\"container\">\n\t\t<div class=\"has_ae_slider elementor-element elementor-element-d09b5d1 e-con-full e-flex ae-bg-gallery-type-default e-con e-child\" data-dce-background-image-url=\"https:\/\/ooe.boo.mybluehost.me\/wp-content\/uploads\/2024\/09\/Frame-113-1.jpg\" data-id=\"d09b5d1\" data-element_type=\"container\" data-settings=\"{&quot;background_background&quot;:&quot;classic&quot;}\">\n\t\t\t\t<div class=\"elementor-element elementor-element-733c054 elementor-widget elementor-widget-heading\" data-id=\"733c054\" data-element_type=\"widget\" data-widget_type=\"heading.default\">\n\t\t\t\t<div class=\"elementor-widget-container\">\n\t\t\t<h2 class=\"elementor-heading-title elementor-size-default\">Corporate Governance<\/h2>\t\t<\/div>\n\t\t\t\t<\/div>\n\t\t\t\t<\/div>\n\t\t\t\t<\/div>\n\t\t<div class=\"has_ae_slider elementor-element elementor-element-36e0072 e-flex e-con-boxed ae-bg-gallery-type-default e-con e-parent\" data-id=\"36e0072\" data-element_type=\"container\">\n\t\t\t\t\t<div class=\"e-con-inner\">\n\t\t<div class=\"has_ae_slider elementor-element elementor-element-90db1d0 e-con-full e-flex ae-bg-gallery-type-default e-con e-child\" data-id=\"90db1d0\" data-element_type=\"container\">\n\t\t\t\t<div class=\"elementor-element elementor-element-c5037f5 elementor-widget__width-initial dce_masking-none elementor-widget elementor-widget-image\" data-id=\"c5037f5\" data-element_type=\"widget\" data-widget_type=\"image.default\">\n\t\t\t\t<div class=\"elementor-widget-container\">\n\t\t\t\t\t\t\t\t\t\t\t\t\t<img fetchpriority=\"high\" decoding=\"async\" width=\"442\" height=\"362\" src=\"https:\/\/buenaventura.com\/wp-content\/uploads\/2024\/08\/FLOTACION-EL-BROCAL-BUENAVENTURA-OCT-2019-19-2.png\" class=\"attachment-full size-full wp-image-2615\" alt=\"\" srcset=\"https:\/\/buenaventura.com\/wp-content\/uploads\/2024\/08\/FLOTACION-EL-BROCAL-BUENAVENTURA-OCT-2019-19-2.png 442w, https:\/\/buenaventura.com\/wp-content\/uploads\/2024\/08\/FLOTACION-EL-BROCAL-BUENAVENTURA-OCT-2019-19-2-300x246.png 300w\" sizes=\"(max-width: 442px) 100vw, 442px\" \/>\t\t\t\t\t\t\t\t\t\t\t\t\t<\/div>\n\t\t\t\t<\/div>\n\t\t\t\t<\/div>\n\t\t<div class=\"has_ae_slider elementor-element elementor-element-3f0f932 e-con-full e-flex ae-bg-gallery-type-default e-con e-child\" data-id=\"3f0f932\" data-element_type=\"container\">\n\t\t<div class=\"has_ae_slider elementor-element elementor-element-431b9d2 e-con-full e-flex ae-bg-gallery-type-default e-con e-child\" data-id=\"431b9d2\" data-element_type=\"container\">\n\t\t\t\t<div class=\"elementor-element elementor-element-61db15c elementor-widget elementor-widget-heading\" data-id=\"61db15c\" data-element_type=\"widget\" data-widget_type=\"heading.default\">\n\t\t\t\t<div class=\"elementor-widget-container\">\n\t\t\t<h2 class=\"elementor-heading-title elementor-size-default\">Corporate <br>Governance<\/h2>\t\t<\/div>\n\t\t\t\t<\/div>\n\t\t<div class=\"has_ae_slider elementor-element elementor-element-51f478e e-con-full e-flex ae-bg-gallery-type-default e-con e-child\" data-id=\"51f478e\" data-element_type=\"container\">\n\t\t<div class=\"has_ae_slider elementor-element elementor-element-86c4e56 e-con-full e-flex ae-bg-gallery-type-default e-con e-child\" data-id=\"86c4e56\" data-element_type=\"container\">\n\t\t\t\t<div data-dce-advanced-background-color=\"#FFFFFF\" class=\"elementor-element elementor-element-4fa9973 elementor-position-left elementor-vertical-align-middle bot elementor-widget__width-initial elementor-mobile-position-left elementor-view-default elementor-widget elementor-widget-icon-box\" data-id=\"4fa9973\" data-element_type=\"widget\" data-widget_type=\"icon-box.default\">\n\t\t\t\t<div class=\"elementor-widget-container\">\n\t\t\t\t\t<div class=\"elementor-icon-box-wrapper\">\n\n\t\t\t\t\t\t<div class=\"elementor-icon-box-icon\">\n\t\t\t\t<a href=\"\/en\/gobernanza-corporativa\/\" class=\"elementor-icon elementor-animation-pulse\" tabindex=\"-1\">\n\t\t\t\t<svg xmlns=\"http:\/\/www.w3.org\/2000\/svg\" width=\"9\" height=\"11\" viewbox=\"0 0 9 11\" fill=\"none\"><path d=\"M9 5.5C9 5.28194 8.93267 5.03965 8.79801 4.84582C7.65337 3.31938 5.45387 1.04185 4.57855 0.193833C4.399 0.0242293 4.19701 1.83457e-07 4.10723 1.79533e-07L0 0L2.58105 2.95595C2.62594 3.05286 2.67082 3.12555 2.71571 3.19824L3.86035 4.40969L4.51122 5.13656C4.601 5.25771 4.66833 5.37885 4.69077 5.47577C4.66833 5.57269 4.62344 5.69383 4.51122 5.81498L3.86035 6.54185L2.71571 7.7533C2.67082 7.82599 2.62593 7.89868 2.58105 7.99559L-4.80825e-07 11L4.10723 11C4.21945 11 4.42145 10.9758 4.601 10.8062C5.47631 9.95815 7.65337 7.68062 8.82045 6.15419C8.93267 5.96035 9.02244 5.71806 9 5.5Z\" fill=\"#F6B724\"><\/path><\/svg>\t\t\t\t<\/a>\n\t\t\t<\/div>\n\t\t\t\n\t\t\t\t\t\t<div class=\"elementor-icon-box-content\">\n\n\t\t\t\t\t\t\t\t\t<h3 class=\"elementor-icon-box-title\">\n\t\t\t\t\t\t<a href=\"\/en\/gobernanza-corporativa\/\" >\n\t\t\t\t\t\t\tCorporate Governance\t\t\t\t\t\t<\/a>\n\t\t\t\t\t<\/h3>\n\t\t\t\t\n\t\t\t\t\n\t\t\t<\/div>\n\t\t\t\n\t\t<\/div>\n\t\t\t\t<\/div>\n\t\t\t\t<\/div>\n\t\t\t\t<div data-dce-advanced-background-color=\"#FFFFFF\" class=\"elementor-element elementor-element-547f2b3 elementor-position-left elementor-vertical-align-middle bot elementor-widget__width-initial elementor-mobile-position-left elementor-view-default elementor-widget elementor-widget-icon-box\" data-id=\"547f2b3\" data-element_type=\"widget\" data-widget_type=\"icon-box.default\">\n\t\t\t\t<div class=\"elementor-widget-container\">\n\t\t\t\t\t<div class=\"elementor-icon-box-wrapper\">\n\n\t\t\t\t\t\t<div class=\"elementor-icon-box-icon\">\n\t\t\t\t<a href=\"\/en\/estatuto-social\/\" class=\"elementor-icon elementor-animation-pulse\" tabindex=\"-1\">\n\t\t\t\t<svg xmlns=\"http:\/\/www.w3.org\/2000\/svg\" width=\"9\" height=\"11\" viewbox=\"0 0 9 11\" fill=\"none\"><path d=\"M9 5.5C9 5.28194 8.93267 5.03965 8.79801 4.84582C7.65337 3.31938 5.45387 1.04185 4.57855 0.193833C4.399 0.0242293 4.19701 1.83457e-07 4.10723 1.79533e-07L0 0L2.58105 2.95595C2.62594 3.05286 2.67082 3.12555 2.71571 3.19824L3.86035 4.40969L4.51122 5.13656C4.601 5.25771 4.66833 5.37885 4.69077 5.47577C4.66833 5.57269 4.62344 5.69383 4.51122 5.81498L3.86035 6.54185L2.71571 7.7533C2.67082 7.82599 2.62593 7.89868 2.58105 7.99559L-4.80825e-07 11L4.10723 11C4.21945 11 4.42145 10.9758 4.601 10.8062C5.47631 9.95815 7.65337 7.68062 8.82045 6.15419C8.93267 5.96035 9.02244 5.71806 9 5.5Z\" fill=\"#F6B724\"><\/path><\/svg>\t\t\t\t<\/a>\n\t\t\t<\/div>\n\t\t\t\n\t\t\t\t\t\t<div class=\"elementor-icon-box-content\">\n\n\t\t\t\t\t\t\t\t\t<h3 class=\"elementor-icon-box-title\">\n\t\t\t\t\t\t<a href=\"\/en\/estatuto-social\/\" >\n\t\t\t\t\t\t\tBylaws\t\t\t\t\t\t<\/a>\n\t\t\t\t\t<\/h3>\n\t\t\t\t\n\t\t\t\t\n\t\t\t<\/div>\n\t\t\t\n\t\t<\/div>\n\t\t\t\t<\/div>\n\t\t\t\t<\/div>\n\t\t\t\t<div data-dce-advanced-background-color=\"#FFFFFF\" class=\"elementor-element elementor-element-989e750 elementor-position-left elementor-vertical-align-middle bot elementor-widget__width-initial elementor-mobile-position-left elementor-view-default elementor-widget elementor-widget-icon-box\" data-id=\"989e750\" data-element_type=\"widget\" data-widget_type=\"icon-box.default\">\n\t\t\t\t<div class=\"elementor-widget-container\">\n\t\t\t\t\t<div class=\"elementor-icon-box-wrapper\">\n\n\t\t\t\t\t\t<div class=\"elementor-icon-box-icon\">\n\t\t\t\t<a href=\"\/en\/directorio-y-gerencia\/\" class=\"elementor-icon elementor-animation-pulse\" tabindex=\"-1\">\n\t\t\t\t<svg xmlns=\"http:\/\/www.w3.org\/2000\/svg\" width=\"9\" height=\"11\" viewbox=\"0 0 9 11\" fill=\"none\"><path d=\"M9 5.5C9 5.28194 8.93267 5.03965 8.79801 4.84582C7.65337 3.31938 5.45387 1.04185 4.57855 0.193833C4.399 0.0242293 4.19701 1.83457e-07 4.10723 1.79533e-07L0 0L2.58105 2.95595C2.62594 3.05286 2.67082 3.12555 2.71571 3.19824L3.86035 4.40969L4.51122 5.13656C4.601 5.25771 4.66833 5.37885 4.69077 5.47577C4.66833 5.57269 4.62344 5.69383 4.51122 5.81498L3.86035 6.54185L2.71571 7.7533C2.67082 7.82599 2.62593 7.89868 2.58105 7.99559L-4.80825e-07 11L4.10723 11C4.21945 11 4.42145 10.9758 4.601 10.8062C5.47631 9.95815 7.65337 7.68062 8.82045 6.15419C8.93267 5.96035 9.02244 5.71806 9 5.5Z\" fill=\"#F6B724\"><\/path><\/svg>\t\t\t\t<\/a>\n\t\t\t<\/div>\n\t\t\t\n\t\t\t\t\t\t<div class=\"elementor-icon-box-content\">\n\n\t\t\t\t\t\t\t\t\t<h3 class=\"elementor-icon-box-title\">\n\t\t\t\t\t\t<a href=\"\/en\/directorio-y-gerencia\/\" >\n\t\t\t\t\t\t\tBoard of directors, CEO and Vice-presidents\t\t\t\t\t\t<\/a>\n\t\t\t\t\t<\/h3>\n\t\t\t\t\n\t\t\t\t\n\t\t\t<\/div>\n\t\t\t\n\t\t<\/div>\n\t\t\t\t<\/div>\n\t\t\t\t<\/div>\n\t\t\t\t<div data-dce-advanced-background-color=\"#FFFFFF\" class=\"elementor-element elementor-element-7074157 elementor-position-left elementor-vertical-align-middle bot elementor-widget__width-initial elementor-mobile-position-left elementor-view-default elementor-widget elementor-widget-icon-box\" data-id=\"7074157\" data-element_type=\"widget\" data-widget_type=\"icon-box.default\">\n\t\t\t\t<div class=\"elementor-widget-container\">\n\t\t\t\t\t<div class=\"elementor-icon-box-wrapper\">\n\n\t\t\t\t\t\t<div class=\"elementor-icon-box-icon\">\n\t\t\t\t<a href=\"\/en\/comites-2\/\" class=\"elementor-icon elementor-animation-pulse\" tabindex=\"-1\">\n\t\t\t\t<svg xmlns=\"http:\/\/www.w3.org\/2000\/svg\" width=\"9\" height=\"11\" viewbox=\"0 0 9 11\" fill=\"none\"><path d=\"M9 5.5C9 5.28194 8.93267 5.03965 8.79801 4.84582C7.65337 3.31938 5.45387 1.04185 4.57855 0.193833C4.399 0.0242293 4.19701 1.83457e-07 4.10723 1.79533e-07L0 0L2.58105 2.95595C2.62594 3.05286 2.67082 3.12555 2.71571 3.19824L3.86035 4.40969L4.51122 5.13656C4.601 5.25771 4.66833 5.37885 4.69077 5.47577C4.66833 5.57269 4.62344 5.69383 4.51122 5.81498L3.86035 6.54185L2.71571 7.7533C2.67082 7.82599 2.62593 7.89868 2.58105 7.99559L-4.80825e-07 11L4.10723 11C4.21945 11 4.42145 10.9758 4.601 10.8062C5.47631 9.95815 7.65337 7.68062 8.82045 6.15419C8.93267 5.96035 9.02244 5.71806 9 5.5Z\" fill=\"#F6B724\"><\/path><\/svg>\t\t\t\t<\/a>\n\t\t\t<\/div>\n\t\t\t\n\t\t\t\t\t\t<div class=\"elementor-icon-box-content\">\n\n\t\t\t\t\t\t\t\t\t<h3 class=\"elementor-icon-box-title\">\n\t\t\t\t\t\t<a href=\"\/en\/comites-2\/\" >\n\t\t\t\t\t\t\tCommittees\t\t\t\t\t\t<\/a>\n\t\t\t\t\t<\/h3>\n\t\t\t\t\n\t\t\t\t\n\t\t\t<\/div>\n\t\t\t\n\t\t<\/div>\n\t\t\t\t<\/div>\n\t\t\t\t<\/div>\n\t\t\t\t<\/div>\n\t\t<div class=\"has_ae_slider elementor-element elementor-element-91c77af e-con-full e-flex ae-bg-gallery-type-default e-con e-child\" data-id=\"91c77af\" data-element_type=\"container\">\n\t\t\t\t<div data-dce-advanced-background-color=\"#FFFFFF\" class=\"elementor-element elementor-element-dfe4ae7 elementor-position-left elementor-vertical-align-middle bot elementor-widget__width-initial elementor-mobile-position-left elementor-view-default elementor-widget elementor-widget-icon-box\" data-id=\"dfe4ae7\" data-element_type=\"widget\" data-widget_type=\"icon-box.default\">\n\t\t\t\t<div class=\"elementor-widget-container\">\n\t\t\t\t\t<div class=\"elementor-icon-box-wrapper\">\n\n\t\t\t\t\t\t<div class=\"elementor-icon-box-icon\">\n\t\t\t\t<a href=\"\/en\/codigo-de-etica\/\" class=\"elementor-icon elementor-animation-pulse\" tabindex=\"-1\">\n\t\t\t\t<svg xmlns=\"http:\/\/www.w3.org\/2000\/svg\" width=\"9\" height=\"11\" viewbox=\"0 0 9 11\" fill=\"none\"><path d=\"M9 5.5C9 5.28194 8.93267 5.03965 8.79801 4.84582C7.65337 3.31938 5.45387 1.04185 4.57855 0.193833C4.399 0.0242293 4.19701 1.83457e-07 4.10723 1.79533e-07L0 0L2.58105 2.95595C2.62594 3.05286 2.67082 3.12555 2.71571 3.19824L3.86035 4.40969L4.51122 5.13656C4.601 5.25771 4.66833 5.37885 4.69077 5.47577C4.66833 5.57269 4.62344 5.69383 4.51122 5.81498L3.86035 6.54185L2.71571 7.7533C2.67082 7.82599 2.62593 7.89868 2.58105 7.99559L-4.80825e-07 11L4.10723 11C4.21945 11 4.42145 10.9758 4.601 10.8062C5.47631 9.95815 7.65337 7.68062 8.82045 6.15419C8.93267 5.96035 9.02244 5.71806 9 5.5Z\" fill=\"#F6B724\"><\/path><\/svg>\t\t\t\t<\/a>\n\t\t\t<\/div>\n\t\t\t\n\t\t\t\t\t\t<div class=\"elementor-icon-box-content\">\n\n\t\t\t\t\t\t\t\t\t<h3 class=\"elementor-icon-box-title\">\n\t\t\t\t\t\t<a href=\"\/en\/codigo-de-etica\/\" >\n\t\t\t\t\t\t\tCode of Ethics and Conduct\t\t\t\t\t\t<\/a>\n\t\t\t\t\t<\/h3>\n\t\t\t\t\n\t\t\t\t\n\t\t\t<\/div>\n\t\t\t\n\t\t<\/div>\n\t\t\t\t<\/div>\n\t\t\t\t<\/div>\n\t\t\t\t<div data-dce-advanced-background-color=\"#FFFFFF\" class=\"elementor-element elementor-element-945053b elementor-position-left elementor-vertical-align-middle bot elementor-widget__width-initial elementor-mobile-position-left elementor-view-default elementor-widget elementor-widget-icon-box\" data-id=\"945053b\" data-element_type=\"widget\" data-widget_type=\"icon-box.default\">\n\t\t\t\t<div class=\"elementor-widget-container\">\n\t\t\t\t\t<div class=\"elementor-icon-box-wrapper\">\n\n\t\t\t\t\t\t<div class=\"elementor-icon-box-icon\">\n\t\t\t\t<a href=\"\/en\/politica-de-dividendos\/\" class=\"elementor-icon elementor-animation-pulse\" tabindex=\"-1\">\n\t\t\t\t<svg xmlns=\"http:\/\/www.w3.org\/2000\/svg\" width=\"9\" height=\"11\" viewbox=\"0 0 9 11\" fill=\"none\"><path d=\"M9 5.5C9 5.28194 8.93267 5.03965 8.79801 4.84582C7.65337 3.31938 5.45387 1.04185 4.57855 0.193833C4.399 0.0242293 4.19701 1.83457e-07 4.10723 1.79533e-07L0 0L2.58105 2.95595C2.62594 3.05286 2.67082 3.12555 2.71571 3.19824L3.86035 4.40969L4.51122 5.13656C4.601 5.25771 4.66833 5.37885 4.69077 5.47577C4.66833 5.57269 4.62344 5.69383 4.51122 5.81498L3.86035 6.54185L2.71571 7.7533C2.67082 7.82599 2.62593 7.89868 2.58105 7.99559L-4.80825e-07 11L4.10723 11C4.21945 11 4.42145 10.9758 4.601 10.8062C5.47631 9.95815 7.65337 7.68062 8.82045 6.15419C8.93267 5.96035 9.02244 5.71806 9 5.5Z\" fill=\"#F6B724\"><\/path><\/svg>\t\t\t\t<\/a>\n\t\t\t<\/div>\n\t\t\t\n\t\t\t\t\t\t<div class=\"elementor-icon-box-content\">\n\n\t\t\t\t\t\t\t\t\t<h3 class=\"elementor-icon-box-title\">\n\t\t\t\t\t\t<a href=\"\/en\/politica-de-dividendos\/\" >\n\t\t\t\t\t\t\tDividends Policy\t\t\t\t\t\t<\/a>\n\t\t\t\t\t<\/h3>\n\t\t\t\t\n\t\t\t\t\n\t\t\t<\/div>\n\t\t\t\n\t\t<\/div>\n\t\t\t\t<\/div>\n\t\t\t\t<\/div>\n\t\t\t\t<div data-dce-advanced-background-color=\"#FFFFFF\" class=\"elementor-element elementor-element-067ece9 elementor-position-left elementor-vertical-align-middle bot elementor-widget__width-initial elementor-mobile-position-left elementor-view-default elementor-widget elementor-widget-icon-box\" data-id=\"067ece9\" data-element_type=\"widget\" data-widget_type=\"icon-box.default\">\n\t\t\t\t<div class=\"elementor-widget-container\">\n\t\t\t\t\t<div class=\"elementor-icon-box-wrapper\">\n\n\t\t\t\t\t\t<div class=\"elementor-icon-box-icon\">\n\t\t\t\t<a href=\"\/en\/junta-anual\/\" class=\"elementor-icon elementor-animation-pulse\" tabindex=\"-1\">\n\t\t\t\t<svg xmlns=\"http:\/\/www.w3.org\/2000\/svg\" width=\"9\" height=\"11\" viewbox=\"0 0 9 11\" fill=\"none\"><path d=\"M9 5.5C9 5.28194 8.93267 5.03965 8.79801 4.84582C7.65337 3.31938 5.45387 1.04185 4.57855 0.193833C4.399 0.0242293 4.19701 1.83457e-07 4.10723 1.79533e-07L0 0L2.58105 2.95595C2.62594 3.05286 2.67082 3.12555 2.71571 3.19824L3.86035 4.40969L4.51122 5.13656C4.601 5.25771 4.66833 5.37885 4.69077 5.47577C4.66833 5.57269 4.62344 5.69383 4.51122 5.81498L3.86035 6.54185L2.71571 7.7533C2.67082 7.82599 2.62593 7.89868 2.58105 7.99559L-4.80825e-07 11L4.10723 11C4.21945 11 4.42145 10.9758 4.601 10.8062C5.47631 9.95815 7.65337 7.68062 8.82045 6.15419C8.93267 5.96035 9.02244 5.71806 9 5.5Z\" fill=\"#F6B724\"><\/path><\/svg>\t\t\t\t<\/a>\n\t\t\t<\/div>\n\t\t\t\n\t\t\t\t\t\t<div class=\"elementor-icon-box-content\">\n\n\t\t\t\t\t\t\t\t\t<h3 class=\"elementor-icon-box-title\">\n\t\t\t\t\t\t<a href=\"\/en\/junta-anual\/\" >\n\t\t\t\t\t\t\tGeneral Shareholder's Meeting\t\t\t\t\t\t<\/a>\n\t\t\t\t\t<\/h3>\n\t\t\t\t\n\t\t\t\t\n\t\t\t<\/div>\n\t\t\t\n\t\t<\/div>\n\t\t\t\t<\/div>\n\t\t\t\t<\/div>\n\t\t\t\t<div data-dce-advanced-background-color=\"#FFFFFF\" class=\"elementor-element elementor-element-0fd7b53 elementor-position-left elementor-vertical-align-middle bot elementor-widget__width-initial elementor-mobile-position-left elementor-view-default elementor-widget elementor-widget-icon-box\" data-id=\"0fd7b53\" data-element_type=\"widget\" data-widget_type=\"icon-box.default\">\n\t\t\t\t<div class=\"elementor-widget-container\">\n\t\t\t\t\t<div class=\"elementor-icon-box-wrapper\">\n\n\t\t\t\t\t\t<div class=\"elementor-icon-box-icon\">\n\t\t\t\t<a href=\"\/en\/hechos-de-importancia\/\" class=\"elementor-icon elementor-animation-pulse\" tabindex=\"-1\">\n\t\t\t\t<svg xmlns=\"http:\/\/www.w3.org\/2000\/svg\" width=\"9\" height=\"11\" viewbox=\"0 0 9 11\" fill=\"none\"><path d=\"M9 5.5C9 5.28194 8.93267 5.03965 8.79801 4.84582C7.65337 3.31938 5.45387 1.04185 4.57855 0.193833C4.399 0.0242293 4.19701 1.83457e-07 4.10723 1.79533e-07L0 0L2.58105 2.95595C2.62594 3.05286 2.67082 3.12555 2.71571 3.19824L3.86035 4.40969L4.51122 5.13656C4.601 5.25771 4.66833 5.37885 4.69077 5.47577C4.66833 5.57269 4.62344 5.69383 4.51122 5.81498L3.86035 6.54185L2.71571 7.7533C2.67082 7.82599 2.62593 7.89868 2.58105 7.99559L-4.80825e-07 11L4.10723 11C4.21945 11 4.42145 10.9758 4.601 10.8062C5.47631 9.95815 7.65337 7.68062 8.82045 6.15419C8.93267 5.96035 9.02244 5.71806 9 5.5Z\" fill=\"#F6B724\"><\/path><\/svg>\t\t\t\t<\/a>\n\t\t\t<\/div>\n\t\t\t\n\t\t\t\t\t\t<div class=\"elementor-icon-box-content\">\n\n\t\t\t\t\t\t\t\t\t<h3 class=\"elementor-icon-box-title\">\n\t\t\t\t\t\t<a href=\"\/en\/hechos-de-importancia\/\" >\n\t\t\t\t\t\t\tMaterial Events\t\t\t\t\t\t<\/a>\n\t\t\t\t\t<\/h3>\n\t\t\t\t\n\t\t\t\t\n\t\t\t<\/div>\n\t\t\t\n\t\t<\/div>\n\t\t\t\t<\/div>\n\t\t\t\t<\/div>\n\t\t\t\t<\/div>\n\t\t\t\t<\/div>\n\t\t\t\t<\/div>\n\t\t\t\t<\/div>\n\t\t\t\t\t<\/div>\n\t\t\t\t<\/div>\n\t\t\t\t<\/div>","protected":false},"excerpt":{"rendered":"<p>Inicio \/ Inversionistas \/\u00a0 Gobernanza Corporativa Gobernanza Corporativa Estatuto Social Directorio, CEO y Viceprecidencia Comit\u00e9s C\u00f3digo de \u00c9tica y Buena Conducta Pol\u00edtica de Dividendos Junta Obligatoria Anual de Accionistas Hechos [&hellip;]<\/p>","protected":false},"author":1,"featured_media":0,"parent":0,"menu_order":0,"comment_status":"closed","ping_status":"closed","template":"elementor_header_footer","meta":{"_EventAllDay":false,"_EventTimezone":"","_EventStartDate":"","_EventEndDate":"","_EventStartDateUTC":"","_EventEndDateUTC":"","_EventShowMap":false,"_EventShowMapLink":false,"_EventURL":"","_EventCost":"","_EventCostDescription":"","_EventCurrencySymbol":"","_EventCurrencyCode":"","_EventCurrencyPosition":"","_EventDateTimeSeparator":"","_EventTimeRangeSeparator":"","_EventOrganizerID":[],"_EventVenueID":[],"_OrganizerEmail":"","_OrganizerPhone":"","_OrganizerWebsite":"","_VenueAddress":"","_VenueCity":"","_VenueCountry":"","_VenueProvince":"","_VenueState":"","_VenueZip":"","_VenuePhone":"","_VenueURL":"","_VenueStateProvince":"","_VenueLat":"","_VenueLng":"","_VenueShowMap":false,"_VenueShowMapLink":false,"footnotes":""},"class_list":["post-12049","page","type-page","status-publish","hentry"],"acf":[],"_links":{"self":[{"href":"https:\/\/buenaventura.com\/en\/wp-json\/wp\/v2\/pages\/12049","targetHints":{"allow":["GET"]}}],"collection":[{"href":"https:\/\/buenaventura.com\/en\/wp-json\/wp\/v2\/pages"}],"about":[{"href":"https:\/\/buenaventura.com\/en\/wp-json\/wp\/v2\/types\/page"}],"author":[{"embeddable":true,"href":"https:\/\/buenaventura.com\/en\/wp-json\/wp\/v2\/users\/1"}],"replies":[{"embeddable":true,"href":"https:\/\/buenaventura.com\/en\/wp-json\/wp\/v2\/comments?post=12049"}],"version-history":[{"count":7,"href":"https:\/\/buenaventura.com\/en\/wp-json\/wp\/v2\/pages\/12049\/revisions"}],"predecessor-version":[{"id":12466,"href":"https:\/\/buenaventura.com\/en\/wp-json\/wp\/v2\/pages\/12049\/revisions\/12466"}],"wp:attachment":[{"href":"https:\/\/buenaventura.com\/en\/wp-json\/wp\/v2\/media?parent=12049"}],"curies":[{"name":"wp","href":"https:\/\/api.w.org\/{rel}","templated":true}]}}