{"id":12945,"date":"2026-02-20T13:12:13","date_gmt":"2026-02-20T13:12:13","guid":{"rendered":"https:\/\/buenaventura.com\/?page_id=12945"},"modified":"2026-02-20T13:18:03","modified_gmt":"2026-02-20T13:18:03","slug":"mantenimiento","status":"publish","type":"page","link":"https:\/\/buenaventura.com\/en\/mantenimiento\/","title":{"rendered":"A Inicio mantenimiento"},"content":{"rendered":"<div data-elementor-type=\"wp-post\" data-elementor-id=\"12945\" class=\"elementor elementor-12945\" data-elementor-post-type=\"page\">\n\t\t\t\t<div class=\"has_ae_slider elementor-element elementor-element-ea1f50f e-con-full e-flex ae-bg-gallery-type-default e-con e-parent\" data-dce-background-image-url=\"https:\/\/buenaventura.com\/wp-content\/uploads\/2025\/11\/yumpag-bvn.jpg\" data-id=\"ea1f50f\" data-element_type=\"container\" data-settings=\"{&quot;background_background&quot;:&quot;classic&quot;}\">\n\t\t\t\t<\/div>\n\t\t<div class=\"has_ae_slider elementor-element elementor-element-ba3e880 e-con-full e-flex ae-bg-gallery-type-default e-con e-parent\" data-dce-background-image-url=\"https:\/\/ooe.boo.mybluehost.me\/wp-content\/uploads\/2024\/09\/Efectos.png\" data-id=\"ba3e880\" data-element_type=\"container\" data-settings=\"{&quot;background_background&quot;:&quot;classic&quot;}\">\n\t\t<div class=\"has_ae_slider elementor-element elementor-element-1c8a5df e-con-full e-flex ae-bg-gallery-type-default e-con e-child\" data-id=\"1c8a5df\" data-element_type=\"container\">\n\t\t<div class=\"has_ae_slider elementor-element elementor-element-999c5fb e-con-full e-flex ae-bg-gallery-type-default e-con e-child\" data-id=\"999c5fb\" data-element_type=\"container\">\n\t\t<div class=\"has_ae_slider elementor-element elementor-element-c072629 e-con-full e-flex ae-bg-gallery-type-default e-con e-child\" data-id=\"c072629\" data-element_type=\"container\">\n\t\t\t\t<div class=\"elementor-element elementor-element-1425f10 dce_masking-none elementor-widget elementor-widget-image\" data-id=\"1425f10\" data-element_type=\"widget\" data-widget_type=\"image.default\">\n\t\t\t\t<div class=\"elementor-widget-container\">\n\t\t\t\t\t\t\t\t\t\t\t\t\t<img decoding=\"async\" width=\"245\" height=\"32\" src=\"https:\/\/buenaventura.com\/wp-content\/uploads\/2024\/06\/Logo-1.png\" class=\"attachment-large size-large wp-image-1023\" alt=\"\" \/>\t\t\t\t\t\t\t\t\t\t\t\t\t<\/div>\n\t\t\t\t<\/div>\n\t\t\t\t<div class=\"elementor-element elementor-element-464a8fe elementor-widget elementor-widget-google_maps\" data-id=\"464a8fe\" data-element_type=\"widget\" data-widget_type=\"google_maps.default\">\n\t\t\t\t<div class=\"elementor-widget-container\">\n\t\t\t\t\t<div class=\"elementor-custom-embed\">\n\t\t\t<iframe loading=\"lazy\"\n\t\t\t\t\tsrc=\"https:\/\/maps.google.com\/maps?q=C.%20las%20begonias%20415%20Lima%20Per%C3%BA&#038;t=m&#038;z=16&#038;output=embed&#038;iwloc=near\"\n\t\t\t\t\ttitle=\"C. las begonias 415 Lima Per\u00fa\"\n\t\t\t\t\taria-label=\"C. las begonias 415 Lima Per\u00fa\"\n\t\t\t><\/iframe>\n\t\t<\/div>\n\t\t\t\t<\/div>\n\t\t\t\t<\/div>\n\t\t<div class=\"has_ae_slider elementor-element elementor-element-db52e2c e-con-full e-flex ae-bg-gallery-type-default e-con e-child\" data-id=\"db52e2c\" data-element_type=\"container\">\n\t\t\t\t<div class=\"elementor-element elementor-element-6b7ac55 elementor-position-left elementor-vertical-align-middle elementor-widget__width-auto elementor-view-default elementor-mobile-position-top elementor-widget elementor-widget-icon-box\" data-id=\"6b7ac55\" data-element_type=\"widget\" data-widget_type=\"icon-box.default\">\n\t\t\t\t<div class=\"elementor-widget-container\">\n\t\t\t\t\t<div class=\"elementor-icon-box-wrapper\">\n\n\t\t\t\t\t\t<div class=\"elementor-icon-box-icon\">\n\t\t\t\t<span  class=\"elementor-icon elementor-animation-\">\n\t\t\t\t<svg xmlns=\"http:\/\/www.w3.org\/2000\/svg\" width=\"9\" height=\"11\" viewbox=\"0 0 9 11\" fill=\"none\"><path d=\"M9 5.5C9 5.28194 8.93267 5.03965 8.79801 4.84582C7.65337 3.31938 5.45387 1.04185 4.57855 0.193833C4.399 0.0242293 4.19701 1.83457e-07 4.10723 1.79533e-07L0 0L2.58105 2.95595C2.62594 3.05286 2.67082 3.12555 2.71571 3.19824L3.86035 4.40969L4.51122 5.13656C4.601 5.25771 4.66833 5.37885 4.69077 5.47577C4.66833 5.57269 4.62344 5.69383 4.51122 5.81498L3.86035 6.54185L2.71571 7.7533C2.67082 7.82599 2.62593 7.89868 2.58105 7.99559L-4.80825e-07 11L4.10723 11C4.21945 11 4.42145 10.9758 4.601 10.8062C5.47631 9.95815 7.65337 7.68062 8.82045 6.15419C8.93267 5.96035 9.02244 5.71806 9 5.5Z\" fill=\"#237F70\"><\/path><\/svg>\t\t\t\t<\/span>\n\t\t\t<\/div>\n\t\t\t\n\t\t\t\t\t\t<div class=\"elementor-icon-box-content\">\n\n\t\t\t\t\n\t\t\t\t\t\t\t\t\t<p class=\"elementor-icon-box-description\">\n\t\t\t\t\t\tLas Begonias 415,<br>\nFloor 19, San Isidro - Lima, Per\u00fa\t\t\t\t\t<\/p>\n\t\t\t\t\n\t\t\t<\/div>\n\t\t\t\n\t\t<\/div>\n\t\t\t\t<\/div>\n\t\t\t\t<\/div>\n\t\t\t\t<div class=\"elementor-element elementor-element-33ecfbb elementor-position-left elementor-vertical-align-middle elementor-widget__width-auto elementor-view-default elementor-mobile-position-top elementor-widget elementor-widget-icon-box\" data-id=\"33ecfbb\" data-element_type=\"widget\" data-widget_type=\"icon-box.default\">\n\t\t\t\t<div class=\"elementor-widget-container\">\n\t\t\t\t\t<div class=\"elementor-icon-box-wrapper\">\n\n\t\t\t\t\t\t<div class=\"elementor-icon-box-icon\">\n\t\t\t\t<span  class=\"elementor-icon elementor-animation-\">\n\t\t\t\t<svg xmlns=\"http:\/\/www.w3.org\/2000\/svg\" width=\"9\" height=\"11\" viewbox=\"0 0 9 11\" fill=\"none\"><path d=\"M9 5.5C9 5.28194 8.93267 5.03965 8.79801 4.84582C7.65337 3.31938 5.45387 1.04185 4.57855 0.193833C4.399 0.0242293 4.19701 1.83457e-07 4.10723 1.79533e-07L0 0L2.58105 2.95595C2.62594 3.05286 2.67082 3.12555 2.71571 3.19824L3.86035 4.40969L4.51122 5.13656C4.601 5.25771 4.66833 5.37885 4.69077 5.47577C4.66833 5.57269 4.62344 5.69383 4.51122 5.81498L3.86035 6.54185L2.71571 7.7533C2.67082 7.82599 2.62593 7.89868 2.58105 7.99559L-4.80825e-07 11L4.10723 11C4.21945 11 4.42145 10.9758 4.601 10.8062C5.47631 9.95815 7.65337 7.68062 8.82045 6.15419C8.93267 5.96035 9.02244 5.71806 9 5.5Z\" fill=\"#237F70\"><\/path><\/svg>\t\t\t\t<\/span>\n\t\t\t<\/div>\n\t\t\t\n\t\t\t\t\t\t<div class=\"elementor-icon-box-content\">\n\n\t\t\t\t\n\t\t\t\t\t\t\t\t\t<p class=\"elementor-icon-box-description\">\n\t\t\t\t\t\tCorporate Communication<br>\nDiego Uceda Noguerol<br>\nPhone: (511) 419 2500\t\t\t\t\t<\/p>\n\t\t\t\t\n\t\t\t<\/div>\n\t\t\t\n\t\t<\/div>\n\t\t\t\t<\/div>\n\t\t\t\t<\/div>\n\t\t\t\t<\/div>\n\t\t\t\t<\/div>\n\t\t<div class=\"has_ae_slider elementor-element elementor-element-90ccfcc e-con-full e-flex ae-bg-gallery-type-default e-con e-child\" data-id=\"90ccfcc\" data-element_type=\"container\">\n\t\t\t\t<div class=\"elementor-element elementor-element-f78977c elementor-widget elementor-widget-heading\" data-id=\"f78977c\" data-element_type=\"widget\" data-widget_type=\"heading.default\">\n\t\t\t\t<div class=\"elementor-widget-container\">\n\t\t\t<h2 class=\"elementor-heading-title elementor-size-default\">P\u00e1gina en mantenimiento<\/h2>\t\t<\/div>\n\t\t\t\t<\/div>\n\t\t\t\t<div class=\"elementor-element elementor-element-b800f7c formul elementor-button-align-stretch elementor-widget elementor-widget-form\" data-id=\"b800f7c\" data-element_type=\"widget\" data-settings=\"{&quot;step_next_label&quot;:&quot;Next&quot;,&quot;step_previous_label&quot;:&quot;Previous&quot;,&quot;button_width&quot;:&quot;100&quot;,&quot;dce_confirm_dialog_enabled&quot;:&quot;no&quot;,&quot;step_type&quot;:&quot;number_text&quot;,&quot;step_icon_shape&quot;:&quot;circle&quot;,&quot;label_icon_size&quot;:{&quot;unit&quot;:&quot;px&quot;,&quot;size&quot;:&quot;&quot;,&quot;sizes&quot;:[]},&quot;field_icon_size&quot;:{&quot;unit&quot;:&quot;px&quot;,&quot;size&quot;:&quot;&quot;,&quot;sizes&quot;:[]}}\" data-widget_type=\"form.default\">\n\t\t\t\t<div class=\"elementor-widget-container\">\n\t\t\t\t\t<form class=\"elementor-form\" method=\"post\" name=\"Contacto\" action=\"\">\n\t\t\t<input type=\"hidden\" name=\"post_id\" value=\"12945\"\/>\n\t\t\t<input type=\"hidden\" name=\"form_id\" value=\"b800f7c\"\/>\n\t\t\t<input type=\"hidden\" name=\"referer_title\" value=\"\" \/>\n\n\t\t\t\n\t\t\t<div class=\"elementor-form-fields-wrapper elementor-labels-\">\n\t\t\t\t\t\t\t\t<div class=\"elementor-field-type-text elementor-field-group elementor-column elementor-field-group-name elementor-col-50 elementor-field-required\">\n\t\t\t\t\t\t\t\t\t\t\t\t<label for=\"form-field-name\" class=\"elementor-field-label elementor-screen-only\">\n\t\t\t\t\t\t\t\tName\t\t\t\t\t\t\t<\/label>\n\t\t\t\t\t\t\t\t\t\t\t\t\t\t<input size=\"1\" type=\"text\" name=\"form_fields[name]\" id=\"form-field-name\" class=\"elementor-field elementor-size-sm  elementor-field-textual\" placeholder=\"Name\" required=\"required\" aria-required=\"true\">\n\t\t\t\t\t\t\t\t\t\t\t<\/div>\n\t\t\t\t\t\t\t\t<div class=\"elementor-field-type-text elementor-field-group elementor-column elementor-field-group-field_96eeb5f elementor-col-50 elementor-field-required\">\n\t\t\t\t\t\t\t\t\t\t\t\t<label for=\"form-field-field_96eeb5f\" class=\"elementor-field-label elementor-screen-only\">\n\t\t\t\t\t\t\t\tCompany\t\t\t\t\t\t\t<\/label>\n\t\t\t\t\t\t\t\t\t\t\t\t\t\t<input size=\"1\" type=\"text\" name=\"form_fields[field_96eeb5f]\" id=\"form-field-field_96eeb5f\" class=\"elementor-field elementor-size-sm  elementor-field-textual\" placeholder=\"Company\" required=\"required\" aria-required=\"true\">\n\t\t\t\t\t\t\t\t\t\t\t<\/div>\n\t\t\t\t\t\t\t\t<div class=\"elementor-field-type-text elementor-field-group elementor-column elementor-field-group-field_875979f elementor-col-50 elementor-field-required\">\n\t\t\t\t\t\t\t\t\t\t\t\t<label for=\"form-field-field_875979f\" class=\"elementor-field-label elementor-screen-only\">\n\t\t\t\t\t\t\t\tPost\t\t\t\t\t\t\t<\/label>\n\t\t\t\t\t\t\t\t\t\t\t\t\t\t<input size=\"1\" type=\"text\" name=\"form_fields[field_875979f]\" id=\"form-field-field_875979f\" class=\"elementor-field elementor-size-sm  elementor-field-textual\" placeholder=\"Post\" required=\"required\" aria-required=\"true\">\n\t\t\t\t\t\t\t\t\t\t\t<\/div>\n\t\t\t\t\t\t\t\t<div class=\"elementor-field-type-email elementor-field-group elementor-column elementor-field-group-email elementor-col-50 elementor-field-required\">\n\t\t\t\t\t\t\t\t\t\t\t\t<label for=\"form-field-email\" class=\"elementor-field-label elementor-screen-only\">\n\t\t\t\t\t\t\t\tEmail\t\t\t\t\t\t\t<\/label>\n\t\t\t\t\t\t\t\t\t\t\t\t\t\t<input size=\"1\" type=\"email\" name=\"form_fields[email]\" id=\"form-field-email\" class=\"elementor-field elementor-size-sm  elementor-field-textual\" placeholder=\"Email\" required=\"required\" aria-required=\"true\">\n\t\t\t\t\t\t\t\t\t\t\t<\/div>\n\t\t\t\t\t\t\t\t<div class=\"elementor-field-type-text elementor-field-group elementor-column elementor-field-group-field_3c41425 elementor-col-50\">\n\t\t\t\t\t\t\t\t\t\t\t\t<label for=\"form-field-field_3c41425\" class=\"elementor-field-label elementor-screen-only\">\n\t\t\t\t\t\t\t\tPhone\t\t\t\t\t\t\t<\/label>\n\t\t\t\t\t\t\t\t\t\t\t\t\t\t<input size=\"1\" type=\"text\" name=\"form_fields[field_3c41425]\" id=\"form-field-field_3c41425\" class=\"elementor-field elementor-size-sm  elementor-field-textual\" placeholder=\"Phone\">\n\t\t\t\t\t\t\t\t\t\t\t<\/div>\n\t\t\t\t\t\t\t\t<div class=\"elementor-field-type-text elementor-field-group elementor-column elementor-field-group-field_dc51bac elementor-col-50\">\n\t\t\t\t\t\t\t\t\t\t\t\t<label for=\"form-field-field_dc51bac\" class=\"elementor-field-label elementor-screen-only\">\n\t\t\t\t\t\t\t\tReason\t\t\t\t\t\t\t<\/label>\n\t\t\t\t\t\t\t\t\t\t\t\t\t\t<input size=\"1\" type=\"text\" name=\"form_fields[field_dc51bac]\" id=\"form-field-field_dc51bac\" class=\"elementor-field elementor-size-sm  elementor-field-textual\" placeholder=\"Reason\">\n\t\t\t\t\t\t\t\t\t\t\t<\/div>\n\t\t\t\t\t\t\t\t<div class=\"elementor-field-type-textarea elementor-field-group elementor-column elementor-field-group-message elementor-col-100\">\n\t\t\t\t\t\t\t\t\t\t\t\t<label for=\"form-field-message\" class=\"elementor-field-label elementor-screen-only\">\n\t\t\t\t\t\t\t\tMessage\t\t\t\t\t\t\t<\/label>\n\t\t\t\t\t\t<textarea class=\"elementor-field-textual elementor-field  elementor-size-sm\" name=\"form_fields[message]\" id=\"form-field-message\" rows=\"4\" placeholder=\"Message\"><\/textarea>\t\t\t\t<\/div>\n\t\t\t\t\t\t\t\t<div class=\"elementor-field-type-checkbox elementor-field-group elementor-column elementor-field-group-field_7e704f3 elementor-col-100\">\n\t\t\t\t\t\t\t\t\t\t\t\t<label for=\"form-field-field_7e704f3\" class=\"elementor-field-label elementor-screen-only\">\n\t\t\t\t\t\t\t\tcheckbox\t\t\t\t\t\t\t<\/label>\n\t\t\t\t\t\t<div class=\"elementor-field-subgroup  elementor-subgroup-inline\"><span class=\"elementor-field-option\"><input type=\"checkbox\" value=\"He leido la &lt;a href=&quot;https:\/\/ooe.boo.mybluehost.me\/wp-content\/uploads\/2025\/01\/Politica-de-privacidad-web.pdf&quot; target=&quot;_blank&quot;&gt;Pol\u00edtica de Privacidad Web.&lt;\/a&gt;\" id=\"form-field-field_7e704f3-0\" name=\"form_fields[field_7e704f3]\"> <label for=\"form-field-field_7e704f3-0\">He leido la <a href=\"https:\/\/ooe.boo.mybluehost.me\/wp-content\/uploads\/2025\/01\/Politica-de-privacidad-web.pdf\" target=\"_blank\">Pol\u00edtica de Privacidad Web.<\/a><\/label><\/span><\/div>\t\t\t\t<\/div>\n\t\t\t\t\t\t\t\t<div class=\"elementor-field-type-recaptcha_v3 elementor-field-group elementor-column elementor-field-group-field_5101f54 elementor-col-100 recaptcha_v3-bottomright\">\n\t\t\t\t\t<div class=\"elementor-field\" id=\"form-field-field_5101f54\"><div class=\"elementor-g-recaptcha\" data-sitekey=\"6Ldig8IqAAAAACoVVwXdhstb92i7eyrahIxaqPb0\" data-type=\"v3\" data-action=\"Form\" data-badge=\"bottomright\" data-size=\"invisible\"><\/div><\/div>\t\t\t\t<\/div>\n\t\t\t\t\t\t\t\t<div class=\"elementor-field-group elementor-column elementor-field-type-submit elementor-col-100 e-form__buttons\">\n\t\t\t\t\t<button type=\"submit\" class=\"elementor-button elementor-size-sm\">\n\t\t\t\t\t\t<span >\n\t\t\t\t\t\t\t\t\t\t\t\t\t\t\t<span class=\"elementor-button-icon\">\n\t\t\t\t\t\t\t\t\t\t\t\t\t\t\t\t\t\t\t\t\t\t\t\t\t\t<\/span>\n\t\t\t\t\t\t\t\t\t\t\t\t\t\t\t\t\t\t\t\t\t\t<span class=\"elementor-button-text\">Send<\/span>\n\t\t\t\t\t\t\t\t\t\t\t\t\t<\/span>\n\t\t\t\t\t<\/button>\n\t\t\t\t<\/div>\n\t\t\t<\/div>\n\t\t<input type=\"hidden\" name=\"trp-form-language\" value=\"en\"\/><\/form>\n\t\t\t\t<\/div>\n\t\t\t\t<\/div>\n\t\t\t\t<\/div>\n\t\t\t\t<\/div>\n\t\t\t\t<\/div>\n\t\t\t\t<\/div>\n\t\t\t\t<\/div>","protected":false},"excerpt":{"rendered":"<p>Las Begonias 415, Piso 19, San Isidro &#8211; Lima, Per\u00fa Comunicaci\u00f3n Corporativa Diego Uceda Noguerol Tel\u00e9fono: (511) 419 2500 P\u00e1gina en mantenimiento<\/p>","protected":false},"author":1,"featured_media":0,"parent":0,"menu_order":0,"comment_status":"closed","ping_status":"closed","template":"elementor_canvas","meta":{"_EventAllDay":false,"_EventTimezone":"","_EventStartDate":"","_EventEndDate":"","_EventStartDateUTC":"","_EventEndDateUTC":"","_EventShowMap":false,"_EventShowMapLink":false,"_EventURL":"","_EventCost":"","_EventCostDescription":"","_EventCurrencySymbol":"","_EventCurrencyCode":"","_EventCurrencyPosition":"","_EventDateTimeSeparator":"","_EventTimeRangeSeparator":"","_EventOrganizerID":[],"_EventVenueID":[],"_OrganizerEmail":"","_OrganizerPhone":"","_OrganizerWebsite":"","_VenueAddress":"","_VenueCity":"","_VenueCountry":"","_VenueProvince":"","_VenueState":"","_VenueZip":"","_VenuePhone":"","_VenueURL":"","_VenueStateProvince":"","_VenueLat":"","_VenueLng":"","_VenueShowMap":false,"_VenueShowMapLink":false,"footnotes":""},"class_list":["post-12945","page","type-page","status-publish","hentry"],"acf":[],"_links":{"self":[{"href":"https:\/\/buenaventura.com\/en\/wp-json\/wp\/v2\/pages\/12945","targetHints":{"allow":["GET"]}}],"collection":[{"href":"https:\/\/buenaventura.com\/en\/wp-json\/wp\/v2\/pages"}],"about":[{"href":"https:\/\/buenaventura.com\/en\/wp-json\/wp\/v2\/types\/page"}],"author":[{"embeddable":true,"href":"https:\/\/buenaventura.com\/en\/wp-json\/wp\/v2\/users\/1"}],"replies":[{"embeddable":true,"href":"https:\/\/buenaventura.com\/en\/wp-json\/wp\/v2\/comments?post=12945"}],"version-history":[{"count":4,"href":"https:\/\/buenaventura.com\/en\/wp-json\/wp\/v2\/pages\/12945\/revisions"}],"predecessor-version":[{"id":12950,"href":"https:\/\/buenaventura.com\/en\/wp-json\/wp\/v2\/pages\/12945\/revisions\/12950"}],"wp:attachment":[{"href":"https:\/\/buenaventura.com\/en\/wp-json\/wp\/v2\/media?parent=12945"}],"curies":[{"name":"wp","href":"https:\/\/api.w.org\/{rel}","templated":true}]}}