{"id":1720,"date":"2024-08-16T17:07:03","date_gmt":"2024-08-16T17:07:03","guid":{"rendered":"https:\/\/172-104-212-166.ip.linodeusercontent.com\/?page_id=1720"},"modified":"2026-04-29T10:33:18","modified_gmt":"2026-04-29T15:33:18","slug":"seguridad-3","status":"publish","type":"page","link":"https:\/\/buenaventura.com\/en\/seguridad-3\/","title":{"rendered":"Safety"},"content":{"rendered":"<p><a style=\"color: #484848;\" href=\"\/en\/\">Home <\/a> \/ <a style=\"color: #484848;\" href=\"\/en\/sostenibilidad\/\">Sustainability <\/a>\/ <strong style=\"color: #484848;\">Safety<\/strong><\/p>\n<h2>Safety<\/h2>\n<p>La seguridad es parte integral de nuestras operaciones y se gestiona de manera sistem\u00e1tica en todas unidades con todos los trabajadores a trav\u00e9s del Pacto por la Vida, que define comportamientos y controles obligatorios en campo. Adem\u00e1s, aplicamos identificaci\u00f3n y gesti\u00f3n de riesgos cr\u00edticos, permisos de trabajo, supervisi\u00f3n permanente y auditor\u00edas operativas en cada unidad y proyecto. Dentro de nuestra gesti\u00f3n, hacemos seguimiento riguroso a indicadores como TRIFR y LTIFR, e implementamos programas de capacitaci\u00f3n y liderazgo en seguridad para reforzar la toma de decisiones en terreno. Este enfoque nos permite prevenir incidentes, mejorar el desempe\u00f1o operativo y avanzar de forma consistente hacia la meta de <strong>cero accidentes.<\/strong><\/p>\n<p><img decoding=\"async\" src=\"https:\/\/ooe.boo.mybluehost.me\/wp-content\/uploads\/2024\/08\/image-57.png\" alt=\"\" width=\"231\" height=\"108\" \/><\/p>\n<h2>Share on:<\/h2>\n<p><a href=\"https:\/\/www.facebook.com\/sharer\/sharer.php?u=https%3A%2F%2Fwww.buenaventura.com%2Fes%2Fsostenibilidad%2Fseguridad\" target=\"_blank\" rel=\"noopener\"><br \/>\n<\/a><br \/>\n<a href=\"https:\/\/twitter.com\/intent\/tweet?text=https%3A\/\/www.buenaventura.com\/es\/sostenibilidad\/seguridad\" target=\"_blank\" rel=\"noopener\"><br \/>\n<\/a><br \/>\n<a href=\"https:\/\/www.linkedin.com\/shareArticle?mini=true&amp;url=https%3A%2F%2Fwww.buenaventura.com%2Fes%2Fsostenibilidad%2Fseguridad\" target=\"_blank\" rel=\"noopener\"><br \/>\n<\/a><\/p>","protected":false},"excerpt":{"rendered":"<p>Inicio \/ Sostenibilidad \/ Seguridad Seguridad La seguridad es parte integral de nuestras operaciones y se gestiona de manera sistem\u00e1tica en todas unidades con todos los trabajadores a trav\u00e9s del [&hellip;]<\/p>","protected":false},"author":1,"featured_media":0,"parent":0,"menu_order":0,"comment_status":"closed","ping_status":"closed","template":"elementor_header_footer","meta":{"_EventAllDay":false,"_EventTimezone":"","_EventStartDate":"","_EventEndDate":"","_EventStartDateUTC":"","_EventEndDateUTC":"","_EventShowMap":false,"_EventShowMapLink":false,"_EventURL":"","_EventCost":"","_EventCostDescription":"","_EventCurrencySymbol":"","_EventCurrencyCode":"","_EventCurrencyPosition":"","_EventDateTimeSeparator":"","_EventTimeRangeSeparator":"","_EventOrganizerID":[],"_EventVenueID":[],"_OrganizerEmail":"","_OrganizerPhone":"","_OrganizerWebsite":"","_VenueAddress":"","_VenueCity":"","_VenueCountry":"","_VenueProvince":"","_VenueState":"","_VenueZip":"","_VenuePhone":"","_VenueURL":"","_VenueStateProvince":"","_VenueLat":"","_VenueLng":"","_VenueShowMap":false,"_VenueShowMapLink":false,"footnotes":""},"class_list":["post-1720","page","type-page","status-publish","hentry"],"acf":[],"_links":{"self":[{"href":"https:\/\/buenaventura.com\/en\/wp-json\/wp\/v2\/pages\/1720","targetHints":{"allow":["GET"]}}],"collection":[{"href":"https:\/\/buenaventura.com\/en\/wp-json\/wp\/v2\/pages"}],"about":[{"href":"https:\/\/buenaventura.com\/en\/wp-json\/wp\/v2\/types\/page"}],"author":[{"embeddable":true,"href":"https:\/\/buenaventura.com\/en\/wp-json\/wp\/v2\/users\/1"}],"replies":[{"embeddable":true,"href":"https:\/\/buenaventura.com\/en\/wp-json\/wp\/v2\/comments?post=1720"}],"version-history":[{"count":20,"href":"https:\/\/buenaventura.com\/en\/wp-json\/wp\/v2\/pages\/1720\/revisions"}],"predecessor-version":[{"id":13188,"href":"https:\/\/buenaventura.com\/en\/wp-json\/wp\/v2\/pages\/1720\/revisions\/13188"}],"wp:attachment":[{"href":"https:\/\/buenaventura.com\/en\/wp-json\/wp\/v2\/media?parent=1720"}],"curies":[{"name":"wp","href":"https:\/\/api.w.org\/{rel}","templated":true}]}}