{"id":3014,"date":"2024-08-26T19:50:15","date_gmt":"2024-08-26T19:50:15","guid":{"rendered":"https:\/\/172-104-212-166.ip.linodeusercontent.com\/?page_id=3014"},"modified":"2025-05-15T16:49:10","modified_gmt":"2025-05-15T16:49:10","slug":"estatuto-social","status":"publish","type":"page","link":"https:\/\/buenaventura.com\/en\/estatuto-social\/","title":{"rendered":"Estatuto social"},"content":{"rendered":"<div data-elementor-type=\"wp-post\" data-elementor-id=\"3014\" class=\"elementor elementor-3014\" data-elementor-post-type=\"page\">\n\t\t\t\t<div class=\"has_ae_slider elementor-element elementor-element-ba3e880 e-con-full e-flex ae-bg-gallery-type-default e-con e-parent\" data-id=\"ba3e880\" data-element_type=\"container\">\n\t\t<div class=\"has_ae_slider elementor-element elementor-element-1c8a5df e-con-full e-flex ae-bg-gallery-type-default e-con e-child\" data-id=\"1c8a5df\" data-element_type=\"container\">\n\t\t<div class=\"has_ae_slider elementor-element elementor-element-64428da e-con-full e-flex ae-bg-gallery-type-default e-con e-child\" data-id=\"64428da\" data-element_type=\"container\">\n\t\t\t\t<div class=\"elementor-element elementor-element-2957361 elementor-widget elementor-widget-text-editor\" data-id=\"2957361\" data-element_type=\"widget\" data-widget_type=\"text-editor.default\">\n\t\t\t\t<div class=\"elementor-widget-container\">\n\t\t\t\t\t\t\t<p><a style=\"color: #484848;\" href=\"\/en\/\">Home <\/a> \/ <a style=\"color: #484848;\" href=\"\/en\/inversionista\/\">Investor Relations <\/a>\/ <strong style=\"color: #484848;\">Bylaws<\/strong><\/p>\t\t\t\t\t\t<\/div>\n\t\t\t\t<\/div>\n\t\t\t\t<\/div>\n\t\t<div class=\"has_ae_slider elementor-element elementor-element-afd5898 e-con-full e-flex ae-bg-gallery-type-default e-con e-child\" data-id=\"afd5898\" data-element_type=\"container\">\n\t\t\t\t<div class=\"elementor-element elementor-element-320f2f8 dce_masking-none elementor-widget elementor-widget-image\" data-id=\"320f2f8\" data-element_type=\"widget\" data-widget_type=\"image.default\">\n\t\t\t\t<div class=\"elementor-widget-container\">\n\t\t\t\t\t\t\t\t\t\t\t\t\t\t<a href=\"\/en\/gobernanza-corporativa\/\">\n\t\t\t\t\t\t\t<img decoding=\"async\" width=\"49\" height=\"45\" src=\"https:\/\/buenaventura.com\/wp-content\/uploads\/2024\/08\/Frame-112.png\" class=\"attachment-large size-large wp-image-2977\" alt=\"\" \/>\t\t\t\t\t\t\t\t<\/a>\n\t\t\t\t\t\t\t\t\t\t\t\t\t<\/div>\n\t\t\t\t<\/div>\n\t\t\t\t<div class=\"elementor-element elementor-element-cbf0b89 dce_masking-none elementor-widget elementor-widget-image\" data-id=\"cbf0b89\" data-element_type=\"widget\" data-widget_type=\"image.default\">\n\t\t\t\t<div class=\"elementor-widget-container\">\n\t\t\t\t\t\t\t\t\t\t\t\t\t\t<a href=\"\/en\/directorio-y-gerencia\/\">\n\t\t\t\t\t\t\t<img decoding=\"async\" width=\"49\" height=\"45\" src=\"https:\/\/buenaventura.com\/wp-content\/uploads\/2024\/08\/Frame-111.png\" class=\"attachment-large size-large wp-image-2978\" alt=\"\" \/>\t\t\t\t\t\t\t\t<\/a>\n\t\t\t\t\t\t\t\t\t\t\t\t\t<\/div>\n\t\t\t\t<\/div>\n\t\t\t\t<\/div>\n\t\t\t\t<\/div>\n\t\t\t\t<\/div>\n\t\t<div class=\"has_ae_slider elementor-element elementor-element-8092174 e-con-full e-flex ae-bg-gallery-type-default e-con e-parent\" data-id=\"8092174\" data-element_type=\"container\">\n\t\t<div class=\"has_ae_slider elementor-element elementor-element-6a83c84 e-con-full e-flex ae-bg-gallery-type-default e-con e-child\" data-dce-background-image-url=\"https:\/\/ooe.boo.mybluehost.me\/wp-content\/uploads\/2024\/08\/Frame-113-1.jpg\" data-id=\"6a83c84\" data-element_type=\"container\" data-settings=\"{&quot;background_background&quot;:&quot;classic&quot;}\">\n\t\t\t\t<div class=\"elementor-element elementor-element-3aecd37 elementor-widget elementor-widget-heading\" data-id=\"3aecd37\" data-element_type=\"widget\" data-widget_type=\"heading.default\">\n\t\t\t\t<div class=\"elementor-widget-container\">\n\t\t\t<h1 class=\"elementor-heading-title elementor-size-default\">Bylaws<\/h1>\t\t<\/div>\n\t\t\t\t<\/div>\n\t\t\t\t<\/div>\n\t\t\t\t<\/div>\n\t\t<div class=\"has_ae_slider elementor-element elementor-element-df9f40d e-con-full e-flex ae-bg-gallery-type-default e-con e-parent\" data-dce-background-overlay-image-url=\"https:\/\/ooe.boo.mybluehost.me\/wp-content\/uploads\/2024\/08\/Group-2538.png\" data-id=\"df9f40d\" data-element_type=\"container\">\n\t\t<div class=\"has_ae_slider elementor-element elementor-element-49b9eab e-con-full e-flex ae-bg-gallery-type-default e-con e-child\" data-id=\"49b9eab\" data-element_type=\"container\">\n\t\t\t\t<div class=\"elementor-element elementor-element-b6735fc elementor-widget elementor-widget-heading\" data-id=\"b6735fc\" data-element_type=\"widget\" data-widget_type=\"heading.default\">\n\t\t\t\t<div class=\"elementor-widget-container\">\n\t\t\t<h2 class=\"elementor-heading-title elementor-size-default\">The Bylaws of Compa\u00f1\u00eda de Minas Buenaventura S.A.A. can be downloaded below:<\/h2>\t\t<\/div>\n\t\t\t\t<\/div>\n\t\t\t\t<div class=\"elementor-element elementor-element-0adef5c elementor-widget elementor-widget-button\" data-id=\"0adef5c\" data-element_type=\"widget\" data-widget_type=\"button.default\">\n\t\t\t\t<div class=\"elementor-widget-container\">\n\t\t\t\t\t\t\t<div class=\"elementor-button-wrapper\">\n\t\t\t\t\t<a class=\"elementor-button elementor-button-link elementor-size-sm\" href=\"\/wp-content\/uploads\/2025\/05\/ESTATUTO-BVN-2024.pdf\" target=\"_blank\">\n\t\t\t\t\t\t<span class=\"elementor-button-content-wrapper\">\n\t\t\t\t\t\t\t\t\t<span class=\"elementor-button-text\">Bylaws of Compa\u00f1\u00eda de Minas Buenaventura S.A.A.<\/span>\n\t\t\t\t\t<\/span>\n\t\t\t\t\t<\/a>\n\t\t\t\t<\/div>\n\t\t\t\t\t\t<\/div>\n\t\t\t\t<\/div>\n\t\t\t\t<\/div>\n\t\t\t\t<\/div>\n\t\t\t\t<\/div>","protected":false},"excerpt":{"rendered":"<p>Inicio \/ Inversionistas \/ Estatuto Social Estatuto Social Los Estatutos de Compa\u00f1\u00eda de Minas Buenaventura S.A.A. se pueden descargar a continuaci\u00f3n: Estatuto Social de Compa\u00f1\u00eda de Minas Buenaventura S.A.A.<\/p>","protected":false},"author":1,"featured_media":0,"parent":0,"menu_order":0,"comment_status":"closed","ping_status":"closed","template":"elementor_header_footer","meta":{"_EventAllDay":false,"_EventTimezone":"","_EventStartDate":"","_EventEndDate":"","_EventStartDateUTC":"","_EventEndDateUTC":"","_EventShowMap":false,"_EventShowMapLink":false,"_EventURL":"","_EventCost":"","_EventCostDescription":"","_EventCurrencySymbol":"","_EventCurrencyCode":"","_EventCurrencyPosition":"","_EventDateTimeSeparator":"","_EventTimeRangeSeparator":"","_EventOrganizerID":[],"_EventVenueID":[],"_OrganizerEmail":"","_OrganizerPhone":"","_OrganizerWebsite":"","_VenueAddress":"","_VenueCity":"","_VenueCountry":"","_VenueProvince":"","_VenueState":"","_VenueZip":"","_VenuePhone":"","_VenueURL":"","_VenueStateProvince":"","_VenueLat":"","_VenueLng":"","_VenueShowMap":false,"_VenueShowMapLink":false,"footnotes":""},"class_list":["post-3014","page","type-page","status-publish","hentry"],"acf":[],"_links":{"self":[{"href":"https:\/\/buenaventura.com\/en\/wp-json\/wp\/v2\/pages\/3014","targetHints":{"allow":["GET"]}}],"collection":[{"href":"https:\/\/buenaventura.com\/en\/wp-json\/wp\/v2\/pages"}],"about":[{"href":"https:\/\/buenaventura.com\/en\/wp-json\/wp\/v2\/types\/page"}],"author":[{"embeddable":true,"href":"https:\/\/buenaventura.com\/en\/wp-json\/wp\/v2\/users\/1"}],"replies":[{"embeddable":true,"href":"https:\/\/buenaventura.com\/en\/wp-json\/wp\/v2\/comments?post=3014"}],"version-history":[{"count":20,"href":"https:\/\/buenaventura.com\/en\/wp-json\/wp\/v2\/pages\/3014\/revisions"}],"predecessor-version":[{"id":11054,"href":"https:\/\/buenaventura.com\/en\/wp-json\/wp\/v2\/pages\/3014\/revisions\/11054"}],"wp:attachment":[{"href":"https:\/\/buenaventura.com\/en\/wp-json\/wp\/v2\/media?parent=3014"}],"curies":[{"name":"wp","href":"https:\/\/api.w.org\/{rel}","templated":true}]}}