{"id":3625,"date":"2024-09-02T02:22:59","date_gmt":"2024-09-02T02:22:59","guid":{"rendered":"https:\/\/172-104-212-166.ip.linodeusercontent.com\/?page_id=3625"},"modified":"2024-11-30T00:44:43","modified_gmt":"2024-11-30T00:44:43","slug":"noticias-2","status":"publish","type":"page","link":"https:\/\/buenaventura.com\/en\/noticias-2\/","title":{"rendered":"News"},"content":{"rendered":"<div data-elementor-type=\"wp-post\" data-elementor-id=\"3625\" class=\"elementor elementor-3625\" data-elementor-post-type=\"page\">\n\t\t\t\t<div class=\"has_ae_slider elementor-element elementor-element-ba3e880 e-con-full e-flex ae-bg-gallery-type-default e-con e-parent\" data-dce-background-overlay-image-url=\"https:\/\/ooe.boo.mybluehost.me\/wp-content\/uploads\/2024\/09\/Efectos.png\" data-id=\"ba3e880\" data-element_type=\"container\" data-settings=\"{&quot;background_background&quot;:&quot;classic&quot;}\">\n\t\t<div class=\"has_ae_slider elementor-element elementor-element-1c8a5df e-con-full e-flex ae-bg-gallery-type-default e-con e-child\" data-id=\"1c8a5df\" data-element_type=\"container\">\n\t\t<div class=\"has_ae_slider elementor-element elementor-element-999c5fb e-con-full e-flex ae-bg-gallery-type-default e-con e-child\" data-id=\"999c5fb\" data-element_type=\"container\">\n\t\t<div class=\"has_ae_slider elementor-element elementor-element-c072629 e-con-full e-flex ae-bg-gallery-type-default e-con e-child\" data-id=\"c072629\" data-element_type=\"container\">\n\t\t\t\t<div class=\"elementor-element elementor-element-f57680f elementor-widget elementor-widget-text-editor\" data-id=\"f57680f\" data-element_type=\"widget\" data-widget_type=\"text-editor.default\">\n\t\t\t\t<div class=\"elementor-widget-container\">\n\t\t\t\t\t\t\t<p><a style=\"color: #484848;\" href=\"\/en\/\">Home <\/a> \/ <strong style=\"color: #484848;\">News<\/strong><\/p>\t\t\t\t\t\t<\/div>\n\t\t\t\t<\/div>\n\t\t\t\t<\/div>\n\t\t<div class=\"has_ae_slider elementor-element elementor-element-90ccfcc e-con-full e-flex ae-bg-gallery-type-default e-con e-child\" data-id=\"90ccfcc\" data-element_type=\"container\">\n\t\t\t\t<div class=\"elementor-element elementor-element-f78977c elementor-widget elementor-widget-heading\" data-id=\"f78977c\" data-element_type=\"widget\" data-widget_type=\"heading.default\">\n\t\t\t\t<div class=\"elementor-widget-container\">\n\t\t\t<h2 class=\"elementor-heading-title elementor-size-default\">News<\/h2>\t\t<\/div>\n\t\t\t\t<\/div>\n\t\t<div class=\"has_ae_slider elementor-element elementor-element-db52e2c e-con-full e-flex ae-bg-gallery-type-default e-con e-child\" data-id=\"db52e2c\" data-element_type=\"container\">\n\t\t\t\t<div class=\"elementor-element elementor-element-0eb1e98 elementor-widget elementor-widget-button\" data-id=\"0eb1e98\" data-element_type=\"widget\" data-widget_type=\"button.default\">\n\t\t\t\t<div class=\"elementor-widget-container\">\n\t\t\t\t\t\t\t<div class=\"elementor-button-wrapper\">\n\t\t\t\t\t<a class=\"elementor-button elementor-button-link elementor-size-sm\" href=\"#\">\n\t\t\t\t\t\t<span class=\"elementor-button-content-wrapper\">\n\t\t\t\t\t\t\t\t\t<span class=\"elementor-button-text\">News<\/span>\n\t\t\t\t\t<\/span>\n\t\t\t\t\t<\/a>\n\t\t\t\t<\/div>\n\t\t\t\t\t\t<\/div>\n\t\t\t\t<\/div>\n\t\t\t\t<div class=\"elementor-element elementor-element-466d792 elementor-widget elementor-widget-button\" data-id=\"466d792\" data-element_type=\"widget\" data-widget_type=\"button.default\">\n\t\t\t\t<div class=\"elementor-widget-container\">\n\t\t\t\t\t\t\t<div class=\"elementor-button-wrapper\">\n\t\t\t\t\t<a class=\"elementor-button elementor-button-link elementor-size-sm\" href=\"\/en\/noticias-inversionistas\/\">\n\t\t\t\t\t\t<span class=\"elementor-button-content-wrapper\">\n\t\t\t\t\t\t\t\t\t<span class=\"elementor-button-text\">Relations News<\/span>\n\t\t\t\t\t<\/span>\n\t\t\t\t\t<\/a>\n\t\t\t\t<\/div>\n\t\t\t\t\t\t<\/div>\n\t\t\t\t<\/div>\n\t\t\t\t<\/div>\n\t\t\t\t<\/div>\n\t\t\t\t<\/div>\n\t\t\t\t<div class=\"elementor-element elementor-element-e8313e0 elementor-grid-4 elementor-grid-tablet-2 elementor-grid-mobile-1 elementor-posts--thumbnail-top load-more-align-center elementor-widget elementor-widget-posts\" data-id=\"e8313e0\" data-element_type=\"widget\" data-settings=\"{&quot;classic_columns&quot;:&quot;4&quot;,&quot;pagination_type&quot;:&quot;load_more_on_click&quot;,&quot;classic_columns_tablet&quot;:&quot;2&quot;,&quot;classic_columns_mobile&quot;:&quot;1&quot;,&quot;classic_row_gap&quot;:{&quot;unit&quot;:&quot;px&quot;,&quot;size&quot;:35,&quot;sizes&quot;:[]},&quot;classic_row_gap_tablet&quot;:{&quot;unit&quot;:&quot;px&quot;,&quot;size&quot;:&quot;&quot;,&quot;sizes&quot;:[]},&quot;classic_row_gap_mobile&quot;:{&quot;unit&quot;:&quot;px&quot;,&quot;size&quot;:&quot;&quot;,&quot;sizes&quot;:[]},&quot;load_more_spinner&quot;:{&quot;value&quot;:&quot;fas fa-spinner&quot;,&quot;library&quot;:&quot;fa-solid&quot;}}\" data-widget_type=\"posts.classic\">\n\t\t\t\t<div class=\"elementor-widget-container\">\n\t\t\t\t\t<div class=\"elementor-posts-container elementor-posts elementor-posts--skin-classic elementor-grid\">\n\t\t\t\t<article class=\"elementor-post elementor-grid-item post-11719 noticia type-noticia status-publish has-post-thumbnail hentry\">\n\t\t\t\t<a class=\"elementor-post__thumbnail__link\" href=\"https:\/\/buenaventura.com\/en\/noticia\/chorrillano-palacios-inaugura-academia-deportiva-de-buenaventura-en-tambogrande-piura\/\" tabindex=\"-1\" >\n\t\t\t<div class=\"elementor-post__thumbnail\"><img fetchpriority=\"high\" decoding=\"async\" width=\"800\" height=\"533\" src=\"https:\/\/buenaventura.com\/wp-content\/uploads\/2025\/09\/noticia_chorrillano_inagura.jpeg\" class=\"attachment-full size-full wp-image-11720\" alt=\"\" srcset=\"https:\/\/buenaventura.com\/wp-content\/uploads\/2025\/09\/noticia_chorrillano_inagura.jpeg 800w, https:\/\/buenaventura.com\/wp-content\/uploads\/2025\/09\/noticia_chorrillano_inagura-300x200.jpeg 300w, https:\/\/buenaventura.com\/wp-content\/uploads\/2025\/09\/noticia_chorrillano_inagura-768x512.jpeg 768w, https:\/\/buenaventura.com\/wp-content\/uploads\/2025\/09\/noticia_chorrillano_inagura-18x12.jpeg 18w\" sizes=\"(max-width: 800px) 100vw, 800px\" \/><\/div>\n\t\t<\/a>\n\t\t\t\t<div class=\"elementor-post__text\">\n\t\t\t\t<h3 class=\"elementor-post__title\">\n\t\t\t<a href=\"https:\/\/buenaventura.com\/en\/noticia\/chorrillano-palacios-inaugura-academia-deportiva-de-buenaventura-en-tambogrande-piura\/\" >\n\t\t\t\tChorrillano Palacios inaugura academia deportiva de Buenaventura en Tambogrande Piura\t\t\t<\/a>\n\t\t<\/h3>\n\t\t\t\t<div class=\"elementor-post__meta-data\">\n\t\t\t\t\t<span class=\"elementor-post-date\">\n\t\t\tSeptember 13, 2025\t\t<\/span>\n\t\t\t\t<\/div>\n\t\t\n\t\t<a class=\"elementor-post__read-more\" href=\"https:\/\/buenaventura.com\/en\/noticia\/chorrillano-palacios-inaugura-academia-deportiva-de-buenaventura-en-tambogrande-piura\/\" aria-label=\"Read more about Chorrillano Palacios inaugura academia deportiva de Buenaventura en Tambogrande Piura\" tabindex=\"-1\" >\n\t\t\tSee more \u00bb\t\t<\/a>\n\n\t\t\t\t<\/div>\n\t\t\t\t<\/article>\n\t\t\t\t<article class=\"elementor-post elementor-grid-item post-11577 noticia type-noticia status-publish has-post-thumbnail hentry\">\n\t\t\t\t<a class=\"elementor-post__thumbnail__link\" href=\"https:\/\/buenaventura.com\/en\/noticia\/alianza-entre-buenaventura-y-universidad-nacional-de-moquegua-fortalecera-formacion-de-profesionales-mineros-de-la-region\/\" tabindex=\"-1\" >\n\t\t\t<div class=\"elementor-post__thumbnail\"><img decoding=\"async\" width=\"1600\" height=\"1200\" src=\"https:\/\/buenaventura.com\/wp-content\/uploads\/2025\/09\/noticia-alianza.jpeg\" class=\"attachment-full size-full wp-image-11578\" alt=\"\" srcset=\"https:\/\/buenaventura.com\/wp-content\/uploads\/2025\/09\/noticia-alianza.jpeg 1600w, https:\/\/buenaventura.com\/wp-content\/uploads\/2025\/09\/noticia-alianza-300x225.jpeg 300w, https:\/\/buenaventura.com\/wp-content\/uploads\/2025\/09\/noticia-alianza-1024x768.jpeg 1024w, https:\/\/buenaventura.com\/wp-content\/uploads\/2025\/09\/noticia-alianza-768x576.jpeg 768w, https:\/\/buenaventura.com\/wp-content\/uploads\/2025\/09\/noticia-alianza-1536x1152.jpeg 1536w, https:\/\/buenaventura.com\/wp-content\/uploads\/2025\/09\/noticia-alianza-16x12.jpeg 16w\" sizes=\"(max-width: 1600px) 100vw, 1600px\" \/><\/div>\n\t\t<\/a>\n\t\t\t\t<div class=\"elementor-post__text\">\n\t\t\t\t<h3 class=\"elementor-post__title\">\n\t\t\t<a href=\"https:\/\/buenaventura.com\/en\/noticia\/alianza-entre-buenaventura-y-universidad-nacional-de-moquegua-fortalecera-formacion-de-profesionales-mineros-de-la-region\/\" >\n\t\t\t\tAlianza entre Buenaventura y Universidad Nacional de Moquegua fortalecer\u00e1 formaci\u00f3n de profesionales mineros de la regi\u00f3n\t\t\t<\/a>\n\t\t<\/h3>\n\t\t\t\t<div class=\"elementor-post__meta-data\">\n\t\t\t\t\t<span class=\"elementor-post-date\">\n\t\t\tSeptember 4, 2025\t\t<\/span>\n\t\t\t\t<\/div>\n\t\t\n\t\t<a class=\"elementor-post__read-more\" href=\"https:\/\/buenaventura.com\/en\/noticia\/alianza-entre-buenaventura-y-universidad-nacional-de-moquegua-fortalecera-formacion-de-profesionales-mineros-de-la-region\/\" aria-label=\"Read more about Alianza entre Buenaventura y Universidad Nacional de Moquegua fortalecer\u00e1 formaci\u00f3n de profesionales mineros de la regi\u00f3n\" tabindex=\"-1\" >\n\t\t\tSee more \u00bb\t\t<\/a>\n\n\t\t\t\t<\/div>\n\t\t\t\t<\/article>\n\t\t\t\t<article class=\"elementor-post elementor-grid-item post-11234 noticia type-noticia status-publish has-post-thumbnail hentry\">\n\t\t\t\t<a class=\"elementor-post__thumbnail__link\" href=\"https:\/\/buenaventura.com\/en\/noticia\/estafadores-utilizan-imagen-de-roque-benavides-para-promocionar-falsas-inversiones\/\" tabindex=\"-1\" >\n\t\t\t<div class=\"elementor-post__thumbnail\"><img decoding=\"async\" width=\"1006\" height=\"360\" src=\"https:\/\/buenaventura.com\/wp-content\/uploads\/2025\/06\/news_image.jpg\" class=\"attachment-full size-full wp-image-11235\" alt=\"\" srcset=\"https:\/\/buenaventura.com\/wp-content\/uploads\/2025\/06\/news_image.jpg 1006w, https:\/\/buenaventura.com\/wp-content\/uploads\/2025\/06\/news_image-300x107.jpg 300w, https:\/\/buenaventura.com\/wp-content\/uploads\/2025\/06\/news_image-768x275.jpg 768w, https:\/\/buenaventura.com\/wp-content\/uploads\/2025\/06\/news_image-18x6.jpg 18w\" sizes=\"(max-width: 1006px) 100vw, 1006px\" \/><\/div>\n\t\t<\/a>\n\t\t\t\t<div class=\"elementor-post__text\">\n\t\t\t\t<h3 class=\"elementor-post__title\">\n\t\t\t<a href=\"https:\/\/buenaventura.com\/en\/noticia\/estafadores-utilizan-imagen-de-roque-benavides-para-promocionar-falsas-inversiones\/\" >\n\t\t\t\tEstafadores utilizan imagen de Roque Benavides para promocionar falsas inversiones\t\t\t<\/a>\n\t\t<\/h3>\n\t\t\t\t<div class=\"elementor-post__meta-data\">\n\t\t\t\t\t<span class=\"elementor-post-date\">\n\t\t\tJune 25, 2025\t\t<\/span>\n\t\t\t\t<\/div>\n\t\t\n\t\t<a class=\"elementor-post__read-more\" href=\"https:\/\/buenaventura.com\/en\/noticia\/estafadores-utilizan-imagen-de-roque-benavides-para-promocionar-falsas-inversiones\/\" aria-label=\"Read more about Estafadores utilizan imagen de Roque Benavides para promocionar falsas inversiones\" tabindex=\"-1\" >\n\t\t\tSee more \u00bb\t\t<\/a>\n\n\t\t\t\t<\/div>\n\t\t\t\t<\/article>\n\t\t\t\t<article class=\"elementor-post elementor-grid-item post-10905 noticia type-noticia status-publish has-post-thumbnail hentry\">\n\t\t\t\t<a class=\"elementor-post__thumbnail__link\" href=\"https:\/\/buenaventura.com\/en\/noticia\/publicamos-investigacion-ambiental-en-una-de-las-principales-revistas-cientificas-del-mundo\/\" tabindex=\"-1\" >\n\t\t\t<div class=\"elementor-post__thumbnail\"><img loading=\"lazy\" decoding=\"async\" width=\"1280\" height=\"852\" src=\"https:\/\/buenaventura.com\/wp-content\/uploads\/2025\/04\/noticia.jpeg\" class=\"attachment-full size-full wp-image-10906\" alt=\"\" srcset=\"https:\/\/buenaventura.com\/wp-content\/uploads\/2025\/04\/noticia.jpeg 1280w, https:\/\/buenaventura.com\/wp-content\/uploads\/2025\/04\/noticia-300x200.jpeg 300w, https:\/\/buenaventura.com\/wp-content\/uploads\/2025\/04\/noticia-1024x682.jpeg 1024w, https:\/\/buenaventura.com\/wp-content\/uploads\/2025\/04\/noticia-768x511.jpeg 768w, https:\/\/buenaventura.com\/wp-content\/uploads\/2025\/04\/noticia-18x12.jpeg 18w\" sizes=\"(max-width: 1280px) 100vw, 1280px\" \/><\/div>\n\t\t<\/a>\n\t\t\t\t<div class=\"elementor-post__text\">\n\t\t\t\t<h3 class=\"elementor-post__title\">\n\t\t\t<a href=\"https:\/\/buenaventura.com\/en\/noticia\/publicamos-investigacion-ambiental-en-una-de-las-principales-revistas-cientificas-del-mundo\/\" >\n\t\t\t\t\u00a1Publicamos investigaci\u00f3n ambiental en una de las principales revistas cient\u00edficas del mundo!\t\t\t<\/a>\n\t\t<\/h3>\n\t\t\t\t<div class=\"elementor-post__meta-data\">\n\t\t\t\t\t<span class=\"elementor-post-date\">\n\t\t\tApril 15, 2025\t\t<\/span>\n\t\t\t\t<\/div>\n\t\t\n\t\t<a class=\"elementor-post__read-more\" href=\"https:\/\/buenaventura.com\/en\/noticia\/publicamos-investigacion-ambiental-en-una-de-las-principales-revistas-cientificas-del-mundo\/\" aria-label=\"Read more about \u00a1Publicamos investigaci\u00f3n ambiental en una de las principales revistas cient\u00edficas del mundo!\" tabindex=\"-1\" >\n\t\t\tSee more \u00bb\t\t<\/a>\n\n\t\t\t\t<\/div>\n\t\t\t\t<\/article>\n\t\t\t\t<article class=\"elementor-post elementor-grid-item post-10826 noticia type-noticia status-publish has-post-thumbnail hentry\">\n\t\t\t\t<a class=\"elementor-post__thumbnail__link\" href=\"https:\/\/buenaventura.com\/en\/noticia\/buenaventura-y-proinversion-suscriben-contrato-de-concesion-del-proyecto-el-algarrobo\/\" tabindex=\"-1\" >\n\t\t\t<div class=\"elementor-post__thumbnail\"><img loading=\"lazy\" decoding=\"async\" width=\"1600\" height=\"1200\" src=\"https:\/\/buenaventura.com\/wp-content\/uploads\/2025\/03\/buenaventura-proinverion.jpeg\" class=\"attachment-full size-full wp-image-10827\" alt=\"\" srcset=\"https:\/\/buenaventura.com\/wp-content\/uploads\/2025\/03\/buenaventura-proinverion.jpeg 1600w, https:\/\/buenaventura.com\/wp-content\/uploads\/2025\/03\/buenaventura-proinverion-300x225.jpeg 300w, https:\/\/buenaventura.com\/wp-content\/uploads\/2025\/03\/buenaventura-proinverion-1024x768.jpeg 1024w, https:\/\/buenaventura.com\/wp-content\/uploads\/2025\/03\/buenaventura-proinverion-768x576.jpeg 768w, https:\/\/buenaventura.com\/wp-content\/uploads\/2025\/03\/buenaventura-proinverion-1536x1152.jpeg 1536w, https:\/\/buenaventura.com\/wp-content\/uploads\/2025\/03\/buenaventura-proinverion-16x12.jpeg 16w\" sizes=\"(max-width: 1600px) 100vw, 1600px\" \/><\/div>\n\t\t<\/a>\n\t\t\t\t<div class=\"elementor-post__text\">\n\t\t\t\t<h3 class=\"elementor-post__title\">\n\t\t\t<a href=\"https:\/\/buenaventura.com\/en\/noticia\/buenaventura-y-proinversion-suscriben-contrato-de-concesion-del-proyecto-el-algarrobo\/\" >\n\t\t\t\tBuenaventura y Proinversi\u00f3n suscriben contrato de concesi\u00f3n del proyecto \u201cEl Algarrobo\u201d\t\t\t<\/a>\n\t\t<\/h3>\n\t\t\t\t<div class=\"elementor-post__meta-data\">\n\t\t\t\t\t<span class=\"elementor-post-date\">\n\t\t\tMarch 25, 2025\t\t<\/span>\n\t\t\t\t<\/div>\n\t\t\n\t\t<a class=\"elementor-post__read-more\" href=\"https:\/\/buenaventura.com\/en\/noticia\/buenaventura-y-proinversion-suscriben-contrato-de-concesion-del-proyecto-el-algarrobo\/\" aria-label=\"Read more about Buenaventura y Proinversi\u00f3n suscriben contrato de concesi\u00f3n del proyecto \u201cEl Algarrobo\u201d\" tabindex=\"-1\" >\n\t\t\tSee more \u00bb\t\t<\/a>\n\n\t\t\t\t<\/div>\n\t\t\t\t<\/article>\n\t\t\t\t<article class=\"elementor-post elementor-grid-item post-6676 noticia type-noticia status-publish has-post-thumbnail hentry\">\n\t\t\t\t<a class=\"elementor-post__thumbnail__link\" href=\"https:\/\/buenaventura.com\/en\/noticia\/buenaventura-anuncia-los-resultados-del-3er-trimestre-y-9-meses-2024-ingles\/\" tabindex=\"-1\" >\n\t\t\t<div class=\"elementor-post__thumbnail\"><img loading=\"lazy\" decoding=\"async\" width=\"1006\" height=\"360\" src=\"https:\/\/buenaventura.com\/wp-content\/uploads\/2024\/11\/news_image.jpg\" class=\"attachment-full size-full wp-image-6677\" alt=\"\" srcset=\"https:\/\/buenaventura.com\/wp-content\/uploads\/2024\/11\/news_image.jpg 1006w, https:\/\/buenaventura.com\/wp-content\/uploads\/2024\/11\/news_image-300x107.jpg 300w, https:\/\/buenaventura.com\/wp-content\/uploads\/2024\/11\/news_image-768x275.jpg 768w\" sizes=\"(max-width: 1006px) 100vw, 1006px\" \/><\/div>\n\t\t<\/a>\n\t\t\t\t<div class=\"elementor-post__text\">\n\t\t\t\t<h3 class=\"elementor-post__title\">\n\t\t\t<a href=\"https:\/\/buenaventura.com\/en\/noticia\/buenaventura-anuncia-los-resultados-del-3er-trimestre-y-9-meses-2024-ingles\/\" >\n\t\t\t\tBuenaventura announces 3rd quarter and 9 months 2024 results (English)\t\t\t<\/a>\n\t\t<\/h3>\n\t\t\t\t<div class=\"elementor-post__meta-data\">\n\t\t\t\t\t<span class=\"elementor-post-date\">\n\t\t\tNovember 28, 2024\t\t<\/span>\n\t\t\t\t<\/div>\n\t\t\n\t\t<a class=\"elementor-post__read-more\" href=\"https:\/\/buenaventura.com\/en\/noticia\/buenaventura-anuncia-los-resultados-del-3er-trimestre-y-9-meses-2024-ingles\/\" aria-label=\"Read more about Buenaventura anuncia los resultados del 3er trimestre y 9 meses 2024 (ingl\u00e9s)\" tabindex=\"-1\" >\n\t\t\tSee more \u00bb\t\t<\/a>\n\n\t\t\t\t<\/div>\n\t\t\t\t<\/article>\n\t\t\t\t<article class=\"elementor-post elementor-grid-item post-6673 noticia type-noticia status-publish has-post-thumbnail hentry\">\n\t\t\t\t<a class=\"elementor-post__thumbnail__link\" href=\"https:\/\/buenaventura.com\/en\/noticia\/buenaventura-recibe-reconocimiento-por-innovacion-en-informacion-geografica\/\" tabindex=\"-1\" >\n\t\t\t<div class=\"elementor-post__thumbnail\"><img loading=\"lazy\" decoding=\"async\" width=\"1006\" height=\"360\" src=\"https:\/\/buenaventura.com\/wp-content\/uploads\/2024\/11\/f3e84562aeae178d24c0386aa9000ae1.jpeg\" class=\"attachment-full size-full wp-image-6674\" alt=\"\" srcset=\"https:\/\/buenaventura.com\/wp-content\/uploads\/2024\/11\/f3e84562aeae178d24c0386aa9000ae1.jpeg 1006w, https:\/\/buenaventura.com\/wp-content\/uploads\/2024\/11\/f3e84562aeae178d24c0386aa9000ae1-300x107.jpeg 300w, https:\/\/buenaventura.com\/wp-content\/uploads\/2024\/11\/f3e84562aeae178d24c0386aa9000ae1-768x275.jpeg 768w\" sizes=\"(max-width: 1006px) 100vw, 1006px\" \/><\/div>\n\t\t<\/a>\n\t\t\t\t<div class=\"elementor-post__text\">\n\t\t\t\t<h3 class=\"elementor-post__title\">\n\t\t\t<a href=\"https:\/\/buenaventura.com\/en\/noticia\/buenaventura-recibe-reconocimiento-por-innovacion-en-informacion-geografica\/\" >\n\t\t\t\tBuenaventura receives recognition for innovation in geographic information!\t\t\t<\/a>\n\t\t<\/h3>\n\t\t\t\t<div class=\"elementor-post__meta-data\">\n\t\t\t\t\t<span class=\"elementor-post-date\">\n\t\t\tNovember 28, 2024\t\t<\/span>\n\t\t\t\t<\/div>\n\t\t\n\t\t<a class=\"elementor-post__read-more\" href=\"https:\/\/buenaventura.com\/en\/noticia\/buenaventura-recibe-reconocimiento-por-innovacion-en-informacion-geografica\/\" aria-label=\"Read more about \u00a1Buenaventura recibe reconocimiento por innovaci\u00f3n en informaci\u00f3n geogr\u00e1fica!\" tabindex=\"-1\" >\n\t\t\tSee more \u00bb\t\t<\/a>\n\n\t\t\t\t<\/div>\n\t\t\t\t<\/article>\n\t\t\t\t<article class=\"elementor-post elementor-grid-item post-1605 noticia type-noticia status-publish has-post-thumbnail hentry\">\n\t\t\t\t<a class=\"elementor-post__thumbnail__link\" href=\"https:\/\/buenaventura.com\/en\/noticia\/cajamarca-buenaventura-y-ministerio-de-vivienda-dotaran-de-agua-potable-y-saneamiento-a-localidad-del-distrito-de-hualgayoc\/\" tabindex=\"-1\" >\n\t\t\t<div class=\"elementor-post__thumbnail\"><img loading=\"lazy\" decoding=\"async\" width=\"288\" height=\"194\" src=\"https:\/\/buenaventura.com\/wp-content\/uploads\/2024\/08\/f5d6846a7f163bfc978f759ebf2e499d.jpeg\" class=\"attachment-full size-full wp-image-1607\" alt=\"\" \/><\/div>\n\t\t<\/a>\n\t\t\t\t<div class=\"elementor-post__text\">\n\t\t\t\t<h3 class=\"elementor-post__title\">\n\t\t\t<a href=\"https:\/\/buenaventura.com\/en\/noticia\/cajamarca-buenaventura-y-ministerio-de-vivienda-dotaran-de-agua-potable-y-saneamiento-a-localidad-del-distrito-de-hualgayoc\/\" >\n\t\t\t\tCajamarca: Buenaventura and the Ministry of Housing will provide drinking water and sanitation to a town in the Hualgayoc district\t\t\t<\/a>\n\t\t<\/h3>\n\t\t\t\t<div class=\"elementor-post__meta-data\">\n\t\t\t\t\t<span class=\"elementor-post-date\">\n\t\t\tAugust 16, 2024\t\t<\/span>\n\t\t\t\t<\/div>\n\t\t\n\t\t<a class=\"elementor-post__read-more\" href=\"https:\/\/buenaventura.com\/en\/noticia\/cajamarca-buenaventura-y-ministerio-de-vivienda-dotaran-de-agua-potable-y-saneamiento-a-localidad-del-distrito-de-hualgayoc\/\" aria-label=\"Read more about Cajamarca: Buenaventura y Ministerio de Vivienda dotar\u00e1n de agua potable y saneamiento a localidad del distrito de Hualgayoc\" tabindex=\"-1\" >\n\t\t\tSee more \u00bb\t\t<\/a>\n\n\t\t\t\t<\/div>\n\t\t\t\t<\/article>\n\t\t\t\t<\/div>\n\t\t\t\t\t<span class=\"e-load-more-spinner\">\n\t\t\t\t<svg aria-hidden=\"true\" class=\"e-font-icon-svg e-fas-spinner\" viewbox=\"0 0 512 512\" xmlns=\"http:\/\/www.w3.org\/2000\/svg\"><path d=\"M304 48c0 26.51-21.49 48-48 48s-48-21.49-48-48 21.49-48 48-48 48 21.49 48 48zm-48 368c-26.51 0-48 21.49-48 48s21.49 48 48 48 48-21.49 48-48-21.49-48-48-48zm208-208c-26.51 0-48 21.49-48 48s21.49 48 48 48 48-21.49 48-48-21.49-48-48-48zM96 256c0-26.51-21.49-48-48-48S0 229.49 0 256s21.49 48 48 48 48-21.49 48-48zm12.922 99.078c-26.51 0-48 21.49-48 48s21.49 48 48 48 48-21.49 48-48c0-26.509-21.491-48-48-48zm294.156 0c-26.51 0-48 21.49-48 48s21.49 48 48 48 48-21.49 48-48c0-26.509-21.49-48-48-48zM108.922 60.922c-26.51 0-48 21.49-48 48s21.49 48 48 48 48-21.49 48-48-21.491-48-48-48z\"><\/path><\/svg>\t\t\t<\/span>\n\t\t\n\t\t\t\t<div class=\"e-load-more-anchor\" data-page=\"1\" data-max-page=\"3\" data-next-page=\"https:\/\/buenaventura.com\/en\/wp-json\/wp\/v2\/pages\/3625\/page\/2\/\"><\/div>\n\t\t\t\t<div class=\"elementor-button-wrapper\">\n\t\t\t<a href=\"#\" class=\"elementor-button-link elementor-button\" role=\"button\">\n\t\t\t\t\t\t<span class=\"elementor-button-content-wrapper\">\n\t\t\t\t\t\t<span class=\"elementor-button-text\">Load more<\/span>\n\t\t<\/span>\n\t\t\t\t\t<\/a>\n\t\t<\/div>\n\t\t\t\t<div class=\"e-load-more-message\"><\/div>\n\t\t\t\t<\/div>\n\t\t\t\t<\/div>\n\t\t\t\t<\/div>\n\t\t\t\t<\/div>\n\t\t\t\t<\/div>","protected":false},"excerpt":{"rendered":"<p>Inicio \/ Noticias Noticias NOTICIAS INVERSIONISTAS<\/p>","protected":false},"author":1,"featured_media":0,"parent":0,"menu_order":0,"comment_status":"closed","ping_status":"closed","template":"elementor_header_footer","meta":{"_EventAllDay":false,"_EventTimezone":"","_EventStartDate":"","_EventEndDate":"","_EventStartDateUTC":"","_EventEndDateUTC":"","_EventShowMap":false,"_EventShowMapLink":false,"_EventURL":"","_EventCost":"","_EventCostDescription":"","_EventCurrencySymbol":"","_EventCurrencyCode":"","_EventCurrencyPosition":"","_EventDateTimeSeparator":"","_EventTimeRangeSeparator":"","_EventOrganizerID":[],"_EventVenueID":[],"_OrganizerEmail":"","_OrganizerPhone":"","_OrganizerWebsite":"","_VenueAddress":"","_VenueCity":"","_VenueCountry":"","_VenueProvince":"","_VenueState":"","_VenueZip":"","_VenuePhone":"","_VenueURL":"","_VenueStateProvince":"","_VenueLat":"","_VenueLng":"","_VenueShowMap":false,"_VenueShowMapLink":false,"footnotes":""},"class_list":["post-3625","page","type-page","status-publish","hentry"],"acf":[],"_links":{"self":[{"href":"https:\/\/buenaventura.com\/en\/wp-json\/wp\/v2\/pages\/3625","targetHints":{"allow":["GET"]}}],"collection":[{"href":"https:\/\/buenaventura.com\/en\/wp-json\/wp\/v2\/pages"}],"about":[{"href":"https:\/\/buenaventura.com\/en\/wp-json\/wp\/v2\/types\/page"}],"author":[{"embeddable":true,"href":"https:\/\/buenaventura.com\/en\/wp-json\/wp\/v2\/users\/1"}],"replies":[{"embeddable":true,"href":"https:\/\/buenaventura.com\/en\/wp-json\/wp\/v2\/comments?post=3625"}],"version-history":[{"count":13,"href":"https:\/\/buenaventura.com\/en\/wp-json\/wp\/v2\/pages\/3625\/revisions"}],"predecessor-version":[{"id":7167,"href":"https:\/\/buenaventura.com\/en\/wp-json\/wp\/v2\/pages\/3625\/revisions\/7167"}],"wp:attachment":[{"href":"https:\/\/buenaventura.com\/en\/wp-json\/wp\/v2\/media?parent=3625"}],"curies":[{"name":"wp","href":"https:\/\/api.w.org\/{rel}","templated":true}]}}