{"id":6563,"date":"2024-11-27T14:58:23","date_gmt":"2024-11-27T14:58:23","guid":{"rendered":"https:\/\/172-104-212-166.ip.linodeusercontent.com\/?page_id=6563"},"modified":"2024-11-30T00:44:11","modified_gmt":"2024-11-30T00:44:11","slug":"noticias-inversionistas","status":"publish","type":"page","link":"https:\/\/buenaventura.com\/en\/noticias-inversionistas\/","title":{"rendered":"Investor news"},"content":{"rendered":"<div data-elementor-type=\"wp-post\" data-elementor-id=\"6563\" class=\"elementor elementor-6563\" data-elementor-post-type=\"page\">\n\t\t\t\t<div class=\"has_ae_slider elementor-element elementor-element-ba3e880 e-con-full e-flex ae-bg-gallery-type-default e-con e-parent\" data-dce-background-overlay-image-url=\"https:\/\/ooe.boo.mybluehost.me\/wp-content\/uploads\/2024\/09\/Efectos.png\" data-id=\"ba3e880\" data-element_type=\"container\" data-settings=\"{&quot;background_background&quot;:&quot;classic&quot;}\">\n\t\t<div class=\"has_ae_slider elementor-element elementor-element-1c8a5df e-con-full e-flex ae-bg-gallery-type-default e-con e-child\" data-id=\"1c8a5df\" data-element_type=\"container\">\n\t\t<div class=\"has_ae_slider elementor-element elementor-element-999c5fb e-con-full e-flex ae-bg-gallery-type-default e-con e-child\" data-id=\"999c5fb\" data-element_type=\"container\">\n\t\t<div class=\"has_ae_slider elementor-element elementor-element-c072629 e-con-full e-flex ae-bg-gallery-type-default e-con e-child\" data-id=\"c072629\" data-element_type=\"container\">\n\t\t\t\t<div class=\"elementor-element elementor-element-f57680f elementor-widget elementor-widget-text-editor\" data-id=\"f57680f\" data-element_type=\"widget\" data-widget_type=\"text-editor.default\">\n\t\t\t\t<div class=\"elementor-widget-container\">\n\t\t\t\t\t\t\t<p><a style=\"color: #484848;\" href=\"\/en\/\">Home <\/a> \/ <strong style=\"color: #484848;\">Investor news<\/strong><\/p>\t\t\t\t\t\t<\/div>\n\t\t\t\t<\/div>\n\t\t\t\t<\/div>\n\t\t<div class=\"has_ae_slider elementor-element elementor-element-90ccfcc e-con-full e-flex ae-bg-gallery-type-default e-con e-child\" data-id=\"90ccfcc\" data-element_type=\"container\">\n\t\t\t\t<div class=\"elementor-element elementor-element-f78977c elementor-widget elementor-widget-heading\" data-id=\"f78977c\" data-element_type=\"widget\" data-widget_type=\"heading.default\">\n\t\t\t\t<div class=\"elementor-widget-container\">\n\t\t\t<h2 class=\"elementor-heading-title elementor-size-default\">Investor news<\/h2>\t\t<\/div>\n\t\t\t\t<\/div>\n\t\t<div class=\"has_ae_slider elementor-element elementor-element-db52e2c e-con-full e-flex ae-bg-gallery-type-default e-con e-child\" data-id=\"db52e2c\" data-element_type=\"container\">\n\t\t\t\t<div class=\"elementor-element elementor-element-466d792 elementor-widget elementor-widget-button\" data-id=\"466d792\" data-element_type=\"widget\" data-widget_type=\"button.default\">\n\t\t\t\t<div class=\"elementor-widget-container\">\n\t\t\t\t\t\t\t<div class=\"elementor-button-wrapper\">\n\t\t\t\t\t<a class=\"elementor-button elementor-button-link elementor-size-sm\" href=\"\/en\/noticias-2\/\">\n\t\t\t\t\t\t<span class=\"elementor-button-content-wrapper\">\n\t\t\t\t\t\t\t\t\t<span class=\"elementor-button-text\">News<\/span>\n\t\t\t\t\t<\/span>\n\t\t\t\t\t<\/a>\n\t\t\t\t<\/div>\n\t\t\t\t\t\t<\/div>\n\t\t\t\t<\/div>\n\t\t\t\t<div class=\"elementor-element elementor-element-0eb1e98 elementor-widget elementor-widget-button\" data-id=\"0eb1e98\" data-element_type=\"widget\" data-widget_type=\"button.default\">\n\t\t\t\t<div class=\"elementor-widget-container\">\n\t\t\t\t\t\t\t<div class=\"elementor-button-wrapper\">\n\t\t\t\t\t<a class=\"elementor-button elementor-button-link elementor-size-sm\" href=\"#\">\n\t\t\t\t\t\t<span class=\"elementor-button-content-wrapper\">\n\t\t\t\t\t\t\t\t\t<span class=\"elementor-button-text\">Relations News<\/span>\n\t\t\t\t\t<\/span>\n\t\t\t\t\t<\/a>\n\t\t\t\t<\/div>\n\t\t\t\t\t\t<\/div>\n\t\t\t\t<\/div>\n\t\t\t\t<\/div>\n\t\t\t\t<\/div>\n\t\t\t\t<\/div>\n\t\t\t\t<div class=\"elementor-element elementor-element-e8313e0 elementor-grid-4 elementor-grid-tablet-2 elementor-grid-mobile-1 elementor-posts--thumbnail-top load-more-align-center elementor-widget elementor-widget-posts\" data-id=\"e8313e0\" data-element_type=\"widget\" data-settings=\"{&quot;classic_columns&quot;:&quot;4&quot;,&quot;pagination_type&quot;:&quot;load_more_on_click&quot;,&quot;classic_columns_tablet&quot;:&quot;2&quot;,&quot;classic_columns_mobile&quot;:&quot;1&quot;,&quot;classic_row_gap&quot;:{&quot;unit&quot;:&quot;px&quot;,&quot;size&quot;:35,&quot;sizes&quot;:[]},&quot;classic_row_gap_tablet&quot;:{&quot;unit&quot;:&quot;px&quot;,&quot;size&quot;:&quot;&quot;,&quot;sizes&quot;:[]},&quot;classic_row_gap_mobile&quot;:{&quot;unit&quot;:&quot;px&quot;,&quot;size&quot;:&quot;&quot;,&quot;sizes&quot;:[]},&quot;load_more_spinner&quot;:{&quot;value&quot;:&quot;fas fa-spinner&quot;,&quot;library&quot;:&quot;fa-solid&quot;}}\" data-widget_type=\"posts.classic\">\n\t\t\t\t<div class=\"elementor-widget-container\">\n\t\t\t\t\t<div class=\"elementor-posts-container elementor-posts elementor-posts--skin-classic elementor-grid\">\n\t\t\t\t<article class=\"elementor-post elementor-grid-item post-12321 noticia-inv type-noticia-inv status-publish has-post-thumbnail hentry\">\n\t\t\t\t<a class=\"elementor-post__thumbnail__link\" href=\"https:\/\/buenaventura.com\/en\/noticia-inv\/buenaventura-anuncia-los-resultados-del-3er-trimestre-y-9-meses-2025-ingles\/\" tabindex=\"-1\" >\n\t\t\t<div class=\"elementor-post__thumbnail\"><img fetchpriority=\"high\" decoding=\"async\" width=\"363\" height=\"245\" src=\"https:\/\/buenaventura.com\/wp-content\/uploads\/2024\/08\/nothome.jpg\" class=\"attachment-full size-full wp-image-851\" alt=\"\" srcset=\"https:\/\/buenaventura.com\/wp-content\/uploads\/2024\/08\/nothome.jpg 363w, https:\/\/buenaventura.com\/wp-content\/uploads\/2024\/08\/nothome-300x202.jpg 300w\" sizes=\"(max-width: 363px) 100vw, 363px\" \/><\/div>\n\t\t<\/a>\n\t\t\t\t<div class=\"elementor-post__text\">\n\t\t\t\t<h3 class=\"elementor-post__title\">\n\t\t\t<a href=\"https:\/\/buenaventura.com\/en\/noticia-inv\/buenaventura-anuncia-los-resultados-del-3er-trimestre-y-9-meses-2025-ingles\/\" >\n\t\t\t\tBuenaventura announces 3rd quarter and 9 months 2025 results (English)\t\t\t<\/a>\n\t\t<\/h3>\n\t\t\t\t<div class=\"elementor-post__meta-data\">\n\t\t\t\t\t<span class=\"elementor-post-date\">\n\t\t\tOctober 30, 2025\t\t<\/span>\n\t\t\t\t<\/div>\n\t\t\n\t\t<a class=\"elementor-post__read-more\" href=\"https:\/\/buenaventura.com\/en\/noticia-inv\/buenaventura-anuncia-los-resultados-del-3er-trimestre-y-9-meses-2025-ingles\/\" aria-label=\"Read more about Buenaventura anuncia los resultados del 3er trimestre y 9 meses 2025 (ingl\u00e9s)\" tabindex=\"-1\" >\n\t\t\tSee more \u00bb\t\t<\/a>\n\n\t\t\t\t<\/div>\n\t\t\t\t<\/article>\n\t\t\t\t<article class=\"elementor-post elementor-grid-item post-11475 noticia-inv type-noticia-inv status-publish has-post-thumbnail hentry\">\n\t\t\t\t<a class=\"elementor-post__thumbnail__link\" href=\"https:\/\/buenaventura.com\/en\/noticia-inv\/buenaventura-anuncia-los-resultados-del-2do-trimestre-y-6-meses-2025-ingles\/\" tabindex=\"-1\" >\n\t\t\t<div class=\"elementor-post__thumbnail\"><img fetchpriority=\"high\" decoding=\"async\" width=\"363\" height=\"245\" src=\"https:\/\/buenaventura.com\/wp-content\/uploads\/2024\/08\/nothome.jpg\" class=\"attachment-full size-full wp-image-851\" alt=\"\" srcset=\"https:\/\/buenaventura.com\/wp-content\/uploads\/2024\/08\/nothome.jpg 363w, https:\/\/buenaventura.com\/wp-content\/uploads\/2024\/08\/nothome-300x202.jpg 300w\" sizes=\"(max-width: 363px) 100vw, 363px\" \/><\/div>\n\t\t<\/a>\n\t\t\t\t<div class=\"elementor-post__text\">\n\t\t\t\t<h3 class=\"elementor-post__title\">\n\t\t\t<a href=\"https:\/\/buenaventura.com\/en\/noticia-inv\/buenaventura-anuncia-los-resultados-del-2do-trimestre-y-6-meses-2025-ingles\/\" >\n\t\t\t\tBuenaventura announces 2nd quarter and 6 months 2025 results (English)\t\t\t<\/a>\n\t\t<\/h3>\n\t\t\t\t<div class=\"elementor-post__meta-data\">\n\t\t\t\t\t<span class=\"elementor-post-date\">\n\t\t\tJuly 24, 2025\t\t<\/span>\n\t\t\t\t<\/div>\n\t\t\n\t\t<a class=\"elementor-post__read-more\" href=\"https:\/\/buenaventura.com\/en\/noticia-inv\/buenaventura-anuncia-los-resultados-del-2do-trimestre-y-6-meses-2025-ingles\/\" aria-label=\"Read more about Buenaventura anuncia los resultados del 2do trimestre y 6 meses 2025 (ingl\u00e9s)\" tabindex=\"-1\" >\n\t\t\tSee more \u00bb\t\t<\/a>\n\n\t\t\t\t<\/div>\n\t\t\t\t<\/article>\n\t\t\t\t<article class=\"elementor-post elementor-grid-item post-10602 noticia-inv type-noticia-inv status-publish has-post-thumbnail hentry\">\n\t\t\t\t<a class=\"elementor-post__thumbnail__link\" href=\"https:\/\/buenaventura.com\/en\/noticia-inv\/buenaventura-anuncia-los-resultados-del-4to-trimestre-y-12-meses-de-2024-ingles\/\" tabindex=\"-1\" >\n\t\t\t<div class=\"elementor-post__thumbnail\"><img fetchpriority=\"high\" decoding=\"async\" width=\"363\" height=\"245\" src=\"https:\/\/buenaventura.com\/wp-content\/uploads\/2024\/08\/nothome.jpg\" class=\"attachment-full size-full wp-image-851\" alt=\"\" srcset=\"https:\/\/buenaventura.com\/wp-content\/uploads\/2024\/08\/nothome.jpg 363w, https:\/\/buenaventura.com\/wp-content\/uploads\/2024\/08\/nothome-300x202.jpg 300w\" sizes=\"(max-width: 363px) 100vw, 363px\" \/><\/div>\n\t\t<\/a>\n\t\t\t\t<div class=\"elementor-post__text\">\n\t\t\t\t<h3 class=\"elementor-post__title\">\n\t\t\t<a href=\"https:\/\/buenaventura.com\/en\/noticia-inv\/buenaventura-anuncia-los-resultados-del-4to-trimestre-y-12-meses-de-2024-ingles\/\" >\n\t\t\t\tBuenaventura Announces 4th Quarter and 12 Month 2024 Results (English)\t\t\t<\/a>\n\t\t<\/h3>\n\t\t\t\t<div class=\"elementor-post__meta-data\">\n\t\t\t\t\t<span class=\"elementor-post-date\">\n\t\t\tFebruary 24, 2025\t\t<\/span>\n\t\t\t\t<\/div>\n\t\t\n\t\t<a class=\"elementor-post__read-more\" href=\"https:\/\/buenaventura.com\/en\/noticia-inv\/buenaventura-anuncia-los-resultados-del-4to-trimestre-y-12-meses-de-2024-ingles\/\" aria-label=\"Read more about Buenaventura anuncia los resultados del 4to trimestre y 12 meses de 2024 (ingl\u00e9s)\" tabindex=\"-1\" >\n\t\t\tSee more \u00bb\t\t<\/a>\n\n\t\t\t\t<\/div>\n\t\t\t\t<\/article>\n\t\t\t\t<article class=\"elementor-post elementor-grid-item post-6680 noticia-inv type-noticia-inv status-publish has-post-thumbnail hentry\">\n\t\t\t\t<a class=\"elementor-post__thumbnail__link\" href=\"https:\/\/buenaventura.com\/en\/noticia-inv\/buenaventura-anuncia-los-resultados-del-3er-trimestre-y-9-meses-2024-ingles\/\" tabindex=\"-1\" >\n\t\t\t<div class=\"elementor-post__thumbnail\"><img fetchpriority=\"high\" decoding=\"async\" width=\"363\" height=\"245\" src=\"https:\/\/buenaventura.com\/wp-content\/uploads\/2024\/08\/nothome.jpg\" class=\"attachment-full size-full wp-image-851\" alt=\"\" srcset=\"https:\/\/buenaventura.com\/wp-content\/uploads\/2024\/08\/nothome.jpg 363w, https:\/\/buenaventura.com\/wp-content\/uploads\/2024\/08\/nothome-300x202.jpg 300w\" sizes=\"(max-width: 363px) 100vw, 363px\" \/><\/div>\n\t\t<\/a>\n\t\t\t\t<div class=\"elementor-post__text\">\n\t\t\t\t<h3 class=\"elementor-post__title\">\n\t\t\t<a href=\"https:\/\/buenaventura.com\/en\/noticia-inv\/buenaventura-anuncia-los-resultados-del-3er-trimestre-y-9-meses-2024-ingles\/\" >\n\t\t\t\tBuenaventura announces 3rd quarter and 9 months 2024 results (English)\t\t\t<\/a>\n\t\t<\/h3>\n\t\t\t\t<div class=\"elementor-post__meta-data\">\n\t\t\t\t\t<span class=\"elementor-post-date\">\n\t\t\tOctober 30, 2024\t\t<\/span>\n\t\t\t\t<\/div>\n\t\t\n\t\t<a class=\"elementor-post__read-more\" href=\"https:\/\/buenaventura.com\/en\/noticia-inv\/buenaventura-anuncia-los-resultados-del-3er-trimestre-y-9-meses-2024-ingles\/\" aria-label=\"Read more about Buenaventura anuncia los resultados del 3er trimestre y 9 meses 2024 (ingl\u00e9s)\" tabindex=\"-1\" >\n\t\t\tSee more \u00bb\t\t<\/a>\n\n\t\t\t\t<\/div>\n\t\t\t\t<\/article>\n\t\t\t\t<article class=\"elementor-post elementor-grid-item post-1583 noticia-inv type-noticia-inv status-publish has-post-thumbnail hentry\">\n\t\t\t\t<a class=\"elementor-post__thumbnail__link\" href=\"https:\/\/buenaventura.com\/en\/noticia-inv\/buenaventura-anuncia-el-cierre-de-la-transaccion-mediante-la-cual-transfiere-su-compania-de-regalias-chaupiloma-a-franco-nevada-por-210-millones\/\" tabindex=\"-1\" >\n\t\t\t<div class=\"elementor-post__thumbnail\"><img fetchpriority=\"high\" decoding=\"async\" width=\"363\" height=\"245\" src=\"https:\/\/buenaventura.com\/wp-content\/uploads\/2024\/08\/nothome.jpg\" class=\"attachment-full size-full wp-image-851\" alt=\"\" srcset=\"https:\/\/buenaventura.com\/wp-content\/uploads\/2024\/08\/nothome.jpg 363w, https:\/\/buenaventura.com\/wp-content\/uploads\/2024\/08\/nothome-300x202.jpg 300w\" sizes=\"(max-width: 363px) 100vw, 363px\" \/><\/div>\n\t\t<\/a>\n\t\t\t\t<div class=\"elementor-post__text\">\n\t\t\t\t<h3 class=\"elementor-post__title\">\n\t\t\t<a href=\"https:\/\/buenaventura.com\/en\/noticia-inv\/buenaventura-anuncia-el-cierre-de-la-transaccion-mediante-la-cual-transfiere-su-compania-de-regalias-chaupiloma-a-franco-nevada-por-210-millones\/\" >\n\t\t\t\tBuenaventura announces the closing of the transaction through which it transfers its Chaupiloma Royalties Company to Franco-Nevada for $210 million\t\t\t<\/a>\n\t\t<\/h3>\n\t\t\t\t<div class=\"elementor-post__meta-data\">\n\t\t\t\t\t<span class=\"elementor-post-date\">\n\t\t\tAugust 13, 2024\t\t<\/span>\n\t\t\t\t<\/div>\n\t\t\n\t\t<a class=\"elementor-post__read-more\" href=\"https:\/\/buenaventura.com\/en\/noticia-inv\/buenaventura-anuncia-el-cierre-de-la-transaccion-mediante-la-cual-transfiere-su-compania-de-regalias-chaupiloma-a-franco-nevada-por-210-millones\/\" aria-label=\"Read more about Buenaventura anuncia el cierre de la transacci\u00f3n mediante la cual transfiere su Compa\u00f1\u00eda de Regal\u00edas Chaupiloma a Franco-Nevada por $210 Millones\" tabindex=\"-1\" >\n\t\t\tSee more \u00bb\t\t<\/a>\n\n\t\t\t\t<\/div>\n\t\t\t\t<\/article>\n\t\t\t\t<article class=\"elementor-post elementor-grid-item post-1582 noticia-inv type-noticia-inv status-publish has-post-thumbnail hentry\">\n\t\t\t\t<a class=\"elementor-post__thumbnail__link\" href=\"https:\/\/buenaventura.com\/en\/noticia-inv\/buenaventura-anuncia-los-resultados-del-2do-trimestre-y-6-meses-2024-ingles\/\" tabindex=\"-1\" >\n\t\t\t<div class=\"elementor-post__thumbnail\"><img fetchpriority=\"high\" decoding=\"async\" width=\"363\" height=\"245\" src=\"https:\/\/buenaventura.com\/wp-content\/uploads\/2024\/08\/nothome.jpg\" class=\"attachment-full size-full wp-image-851\" alt=\"\" srcset=\"https:\/\/buenaventura.com\/wp-content\/uploads\/2024\/08\/nothome.jpg 363w, https:\/\/buenaventura.com\/wp-content\/uploads\/2024\/08\/nothome-300x202.jpg 300w\" sizes=\"(max-width: 363px) 100vw, 363px\" \/><\/div>\n\t\t<\/a>\n\t\t\t\t<div class=\"elementor-post__text\">\n\t\t\t\t<h3 class=\"elementor-post__title\">\n\t\t\t<a href=\"https:\/\/buenaventura.com\/en\/noticia-inv\/buenaventura-anuncia-los-resultados-del-2do-trimestre-y-6-meses-2024-ingles\/\" >\n\t\t\t\tBuenaventura announces 2nd quarter and 6 months 2024 results (English)\t\t\t<\/a>\n\t\t<\/h3>\n\t\t\t\t<div class=\"elementor-post__meta-data\">\n\t\t\t\t\t<span class=\"elementor-post-date\">\n\t\t\tJuly 25, 2024\t\t<\/span>\n\t\t\t\t<\/div>\n\t\t\n\t\t<a class=\"elementor-post__read-more\" href=\"https:\/\/buenaventura.com\/en\/noticia-inv\/buenaventura-anuncia-los-resultados-del-2do-trimestre-y-6-meses-2024-ingles\/\" aria-label=\"Read more about Buenaventura anuncia los resultados del 2do trimestre y 6 meses 2024 (ingl\u00e9s)\" tabindex=\"-1\" >\n\t\t\tSee more \u00bb\t\t<\/a>\n\n\t\t\t\t<\/div>\n\t\t\t\t<\/article>\n\t\t\t\t<article class=\"elementor-post elementor-grid-item post-1581 noticia-inv type-noticia-inv status-publish has-post-thumbnail hentry\">\n\t\t\t\t<a class=\"elementor-post__thumbnail__link\" href=\"https:\/\/buenaventura.com\/en\/noticia-inv\/buenaventura-anuncia-la-produccion-del-2do-trimestre-del-2024-ingles\/\" tabindex=\"-1\" >\n\t\t\t<div class=\"elementor-post__thumbnail\"><img fetchpriority=\"high\" decoding=\"async\" width=\"363\" height=\"245\" src=\"https:\/\/buenaventura.com\/wp-content\/uploads\/2024\/08\/nothome.jpg\" class=\"attachment-full size-full wp-image-851\" alt=\"\" srcset=\"https:\/\/buenaventura.com\/wp-content\/uploads\/2024\/08\/nothome.jpg 363w, https:\/\/buenaventura.com\/wp-content\/uploads\/2024\/08\/nothome-300x202.jpg 300w\" sizes=\"(max-width: 363px) 100vw, 363px\" \/><\/div>\n\t\t<\/a>\n\t\t\t\t<div class=\"elementor-post__text\">\n\t\t\t\t<h3 class=\"elementor-post__title\">\n\t\t\t<a href=\"https:\/\/buenaventura.com\/en\/noticia-inv\/buenaventura-anuncia-la-produccion-del-2do-trimestre-del-2024-ingles\/\" >\n\t\t\t\tBuenaventura announces production for the 2nd quarter of 2024 (English)\t\t\t<\/a>\n\t\t<\/h3>\n\t\t\t\t<div class=\"elementor-post__meta-data\">\n\t\t\t\t\t<span class=\"elementor-post-date\">\n\t\t\tJuly 16, 2024\t\t<\/span>\n\t\t\t\t<\/div>\n\t\t\n\t\t<a class=\"elementor-post__read-more\" href=\"https:\/\/buenaventura.com\/en\/noticia-inv\/buenaventura-anuncia-la-produccion-del-2do-trimestre-del-2024-ingles\/\" aria-label=\"Read more about Buenaventura anuncia la producci\u00f3n del 2do trimestre del 2024 (Ingl\u00e9s)\" tabindex=\"-1\" >\n\t\t\tSee more \u00bb\t\t<\/a>\n\n\t\t\t\t<\/div>\n\t\t\t\t<\/article>\n\t\t\t\t<article class=\"elementor-post elementor-grid-item post-1580 noticia-inv type-noticia-inv status-publish has-post-thumbnail hentry\">\n\t\t\t\t<a class=\"elementor-post__thumbnail__link\" href=\"https:\/\/buenaventura.com\/en\/noticia-inv\/buenaventura-anuncia-la-reanudacion-de-tratamiento-de-mineral-en-el-brocal-ingles\/\" tabindex=\"-1\" >\n\t\t\t<div class=\"elementor-post__thumbnail\"><img fetchpriority=\"high\" decoding=\"async\" width=\"363\" height=\"245\" src=\"https:\/\/buenaventura.com\/wp-content\/uploads\/2024\/08\/nothome.jpg\" class=\"attachment-full size-full wp-image-851\" alt=\"\" srcset=\"https:\/\/buenaventura.com\/wp-content\/uploads\/2024\/08\/nothome.jpg 363w, https:\/\/buenaventura.com\/wp-content\/uploads\/2024\/08\/nothome-300x202.jpg 300w\" sizes=\"(max-width: 363px) 100vw, 363px\" \/><\/div>\n\t\t<\/a>\n\t\t\t\t<div class=\"elementor-post__text\">\n\t\t\t\t<h3 class=\"elementor-post__title\">\n\t\t\t<a href=\"https:\/\/buenaventura.com\/en\/noticia-inv\/buenaventura-anuncia-la-reanudacion-de-tratamiento-de-mineral-en-el-brocal-ingles\/\" >\n\t\t\t\tBuenaventura announces the resumption of mineral processing at El Brocal (English)\t\t\t<\/a>\n\t\t<\/h3>\n\t\t\t\t<div class=\"elementor-post__meta-data\">\n\t\t\t\t\t<span class=\"elementor-post-date\">\n\t\t\tJune 10, 2024\t\t<\/span>\n\t\t\t\t<\/div>\n\t\t\n\t\t<a class=\"elementor-post__read-more\" href=\"https:\/\/buenaventura.com\/en\/noticia-inv\/buenaventura-anuncia-la-reanudacion-de-tratamiento-de-mineral-en-el-brocal-ingles\/\" aria-label=\"Read more about Buenaventura anuncia la reanudaci\u00f3n de tratamiento de mineral en El Brocal (ingl\u00e9s)\" tabindex=\"-1\" >\n\t\t\tSee more \u00bb\t\t<\/a>\n\n\t\t\t\t<\/div>\n\t\t\t\t<\/article>\n\t\t\t\t<\/div>\n\t\t\t\t\t<span class=\"e-load-more-spinner\">\n\t\t\t\t<svg aria-hidden=\"true\" class=\"e-font-icon-svg e-fas-spinner\" viewbox=\"0 0 512 512\" xmlns=\"http:\/\/www.w3.org\/2000\/svg\"><path d=\"M304 48c0 26.51-21.49 48-48 48s-48-21.49-48-48 21.49-48 48-48 48 21.49 48 48zm-48 368c-26.51 0-48 21.49-48 48s21.49 48 48 48 48-21.49 48-48-21.49-48-48-48zm208-208c-26.51 0-48 21.49-48 48s21.49 48 48 48 48-21.49 48-48-21.49-48-48-48zM96 256c0-26.51-21.49-48-48-48S0 229.49 0 256s21.49 48 48 48 48-21.49 48-48zm12.922 99.078c-26.51 0-48 21.49-48 48s21.49 48 48 48 48-21.49 48-48c0-26.509-21.491-48-48-48zm294.156 0c-26.51 0-48 21.49-48 48s21.49 48 48 48 48-21.49 48-48c0-26.509-21.49-48-48-48zM108.922 60.922c-26.51 0-48 21.49-48 48s21.49 48 48 48 48-21.49 48-48-21.491-48-48-48z\"><\/path><\/svg>\t\t\t<\/span>\n\t\t\n\t\t\t\t<div class=\"e-load-more-anchor\" data-page=\"1\" data-max-page=\"3\" data-next-page=\"https:\/\/buenaventura.com\/en\/wp-json\/wp\/v2\/pages\/6563\/page\/2\/\"><\/div>\n\t\t\t\t<div class=\"elementor-button-wrapper\">\n\t\t\t<a href=\"#\" class=\"elementor-button-link elementor-button\" role=\"button\">\n\t\t\t\t\t\t<span class=\"elementor-button-content-wrapper\">\n\t\t\t\t\t\t<span class=\"elementor-button-text\">Load more<\/span>\n\t\t<\/span>\n\t\t\t\t\t<\/a>\n\t\t<\/div>\n\t\t\t\t<div class=\"e-load-more-message\"><\/div>\n\t\t\t\t<\/div>\n\t\t\t\t<\/div>\n\t\t\t\t<\/div>\n\t\t\t\t<\/div>\n\t\t\t\t<\/div>","protected":false},"excerpt":{"rendered":"<p>Inicio \/ Noticias Inversionistas Noticias Inversionistas NOTICIAS INVERSIONISTAS<\/p>","protected":false},"author":1,"featured_media":0,"parent":0,"menu_order":0,"comment_status":"closed","ping_status":"closed","template":"elementor_header_footer","meta":{"_EventAllDay":false,"_EventTimezone":"","_EventStartDate":"","_EventEndDate":"","_EventStartDateUTC":"","_EventEndDateUTC":"","_EventShowMap":false,"_EventShowMapLink":false,"_EventURL":"","_EventCost":"","_EventCostDescription":"","_EventCurrencySymbol":"","_EventCurrencyCode":"","_EventCurrencyPosition":"","_EventDateTimeSeparator":"","_EventTimeRangeSeparator":"","_EventOrganizerID":[],"_EventVenueID":[],"_OrganizerEmail":"","_OrganizerPhone":"","_OrganizerWebsite":"","_VenueAddress":"","_VenueCity":"","_VenueCountry":"","_VenueProvince":"","_VenueState":"","_VenueZip":"","_VenuePhone":"","_VenueURL":"","_VenueStateProvince":"","_VenueLat":"","_VenueLng":"","_VenueShowMap":false,"_VenueShowMapLink":false,"footnotes":""},"class_list":["post-6563","page","type-page","status-publish","hentry"],"acf":[],"_links":{"self":[{"href":"https:\/\/buenaventura.com\/en\/wp-json\/wp\/v2\/pages\/6563","targetHints":{"allow":["GET"]}}],"collection":[{"href":"https:\/\/buenaventura.com\/en\/wp-json\/wp\/v2\/pages"}],"about":[{"href":"https:\/\/buenaventura.com\/en\/wp-json\/wp\/v2\/types\/page"}],"author":[{"embeddable":true,"href":"https:\/\/buenaventura.com\/en\/wp-json\/wp\/v2\/users\/1"}],"replies":[{"embeddable":true,"href":"https:\/\/buenaventura.com\/en\/wp-json\/wp\/v2\/comments?post=6563"}],"version-history":[{"count":10,"href":"https:\/\/buenaventura.com\/en\/wp-json\/wp\/v2\/pages\/6563\/revisions"}],"predecessor-version":[{"id":7164,"href":"https:\/\/buenaventura.com\/en\/wp-json\/wp\/v2\/pages\/6563\/revisions\/7164"}],"wp:attachment":[{"href":"https:\/\/buenaventura.com\/en\/wp-json\/wp\/v2\/media?parent=6563"}],"curies":[{"name":"wp","href":"https:\/\/api.w.org\/{rel}","templated":true}]}}